{"id":507,"date":"2026-01-20T08:58:04","date_gmt":"2026-01-20T06:58:04","guid":{"rendered":"https:\/\/places-interreg.eu\/?page_id=507"},"modified":"2026-01-20T09:14:06","modified_gmt":"2026-01-20T07:14:06","slug":"trattamento-dei-dati-personali","status":"publish","type":"page","link":"https:\/\/places-interreg.eu\/?page_id=507&lang=en","title":{"rendered":"Trattamento dei dati personali"},"content":{"rendered":"\n<h3 class=\"wp-block-heading\">Informazioni di base<\/h3>\n\n\n\n<p>La presente informativa sulla privacy ha lo scopo di informare gli utenti di questo sito web sulla natura, la portata e le finalit\u00e0 della raccolta e dell&#8217;uso dei dati personali da parte del gestore del sito web PLACES Projektkonsortium &#8211; LP La Piccionaia<\/p>\n\n\n\n<p>L&#8217;operatore del sito web prende molto sul serio la tua privacy e tratter\u00e0 le tue informazioni personali confidenzialmente e in conformit\u00e0 con la legge.<\/p>\n\n\n\n<h3 class=\"wp-block-heading\">Gestione delle informazioni di contatto<\/h3>\n\n\n\n<p>Se ci contatti come operatore di un sito web attraverso le opzioni di contatto offerte, i tuoi dati saranno archiviati in modo che possano essere utilizzati per elaborare e rispondere alla tua richiesta. Senza il tuo consenso, questi dati non saranno comunicati a terzi.<\/p>\n\n\n\n<h3 class=\"wp-block-heading\">Diritti del utente<\/h3>\n\n\n\n<p>Come utente, hai il diritto di ricevere informazioni gratuite su richiesta su quali dati personali sono stati memorizzati su di te. Hai anche il diritto di correggere dati errati e di limitare o eliminare i tuoi dati personali. Se applicabile, puoi anche rivendicare il diritto alla portabilit\u00e0 dei dati. Se ritieni che i tuoi dati siano stati trattati illecitamente, puoi presentare un reclamo all&#8217;agenzia di regolamentazione competente.<\/p>\n\n\n\n<h3 class=\"wp-block-heading\">Cancellazione dei dati<\/h3>\n\n\n\n<p>Se la tua richiesta non \u00e8 in conflitto con l&#8217;obbligo legale di memorizzare i dati (ad esempio la conservazione dei dati), hai il diritto di cancellare i tuoi dati. I dati memorizzati da noi, se non sono pi\u00f9 necessari per il loro scopo e non ci sono periodi di conservazione legale, saranno cancellati. Se la cancellazione non pu\u00f2 essere eseguita perch\u00e9 i dati sono necessari per legittimi scopi legali, l&#8217;elaborazione dei dati \u00e8 limitata. In questo caso, i dati sono bloccati e non elaborati per altri scopi.<\/p>\n\n\n\n<h3 class=\"wp-block-heading\">Diritto di obiezione<\/h3>\n\n\n\n<p>Gli utenti di questo sito Web possono esercitare il loro diritto di obiezione e opporsi al trattamento dei propri dati personali in qualsiasi momento.<\/p>\n\n\n\n<p>Se desideri una correzione, blocco, cancellazione o informazione sui dati personali memorizzati su di te, o se hai domande riguardanti la raccolta, l&#8217;elaborazione o l&#8217;uso dei tuoi dati personali o se desideri revocare il tuo consenso, ti preghiamo di contattare il seguente indirizzo e-mail :&nbsp;<a href=\"mailto:info@places-interreg.eu\">info@places-interreg.eu<\/a><\/p>\n\n\n\n<h3 class=\"wp-block-heading\">Google Analytics<\/h3>\n\n\n\n<p>Se avete dato il vostro consenso, questo sito web utilizza Google Analytics, un servizio di analisi web di Google LLC. Il fornitore di servizi responsabile nell&#8217;UE \u00e8 Google Ireland Limited, Gordon House, Barrow Street, Dublino 4, Irlanda (&#8220;Google&#8221;).<\/p>\n\n\n\n<h3 class=\"wp-block-heading\">Portata del trattamento<\/h3>\n\n\n\n<p>Google Analytics utilizza dei cookie che consentono un&#8217;analisi del vostro utilizzo del nostro sito web. Le informazioni raccolte dai cookie sull&#8217;utilizzo di questo sito web vengono solitamente trasmesse a un server di Google negli Stati Uniti e memorizzate.<\/p>\n\n\n\n<p>Utilizziamo la funzione User-ID. L&#8217;ID utente ci permette di assegnare un ID unico e permanente a una o pi\u00f9 sessioni (e alle attivit\u00e0 all&#8217;interno di queste sessioni) e di analizzare il comportamento dell&#8217;utente attraverso i dispositivi.<\/p>\n\n\n\n<p>Utilizziamo Google Signals. Questo permette a Google Analytics di raccogliere ulteriori informazioni sugli utenti che hanno attivato annunci personalizzati (interessi e dati demografici). Anche gli annunci possono essere consegnati a questi utenti in campagne di cross-device remarketing.<\/p>\n\n\n\n<p>Utilizziamo la funzione &#8216;anonymizeIP&#8217; (il cosiddetto IP-Masking): A causa dell&#8217;attivazione dell&#8217;anonimizzazione dell&#8217;IP su questo sito web, il tuo indirizzo IP verr\u00e0 abbreviato da Google all&#8217;interno degli stati membri dell&#8217;Unione Europea o in altri stati firmatari dell&#8217;accordo sullo Spazio Economico Europeo. Solo in casi eccezionali l&#8217;indirizzo IP completo viene trasmesso a un server di Google negli Stati Uniti e l\u00ec abbreviato. L&#8217;indirizzo IP trasmesso dal vostro browser nell&#8217;ambito di Google Analytics non viene unito ad altri dati di Google.<\/p>\n\n\n\n<p><strong>Durante la vostra visita al sito web vengono raccolti i seguenti dati:<\/strong><\/p>\n\n\n\n<ul class=\"wp-block-list\">\n<li>le pagine che richiamate, il vostro &#8220;comportamento di clic&#8221;<\/li>\n\n\n\n<li>Raggiungimento degli &#8220;obiettivi del sito web&#8221; (conversioni, ad esempio registrazione alla newsletter, download, acquisti)<\/li>\n\n\n\n<li>Il suo comportamento dell&#8217;utente (per esempio clic, tempo di permanenza, tassi di rimbalzo)<\/li>\n\n\n\n<li>La sua posizione approssimativa (regione)<\/li>\n\n\n\n<li>Il tuo indirizzo IP (in forma abbreviata)<\/li>\n\n\n\n<li>informazioni tecniche sul tuo browser e sui dispositivi finali che usi (ad esempio impostazioni della lingua, risoluzione dello schermo)<\/li>\n\n\n\n<li>il tuo provider internet<\/li>\n\n\n\n<li>l&#8217;URL di riferimento (attraverso quale sito web\/mezzo pubblicitario siete arrivati a questo sito)<\/li>\n<\/ul>\n\n\n\n<h3 class=\"wp-block-heading\">Finalit\u00e0 del trattamento<\/h3>\n\n\n\n<p>Su incarico del gestore di questo sito web, Google utilizzer\u00e0 queste informazioni per valutare il vostro uso (pseudonimo [NON USER ID]) del sito web e per compilare rapporti sulle attivit\u00e0 del sito web. I rapporti forniti da Google Analytics servono ad analizzare le prestazioni del nostro sito web [OPZIONALE] e il successo delle nostre campagne di marketing.<\/p>\n\n\n\n<h3 class=\"wp-block-heading\">Destinatario<\/h3>\n\n\n\n<p>Il destinatario dei dati \u00e8 Google Ireland Limited, Gordon House, Barrow Street, Dublino 4, Irlanda in qualit\u00e0 di responsabile del trattamento dei dati. A tal fine abbiamo stipulato un contratto con Google. Google LLC, con sede in California, USA, e, se del caso, le autorit\u00e0 statunitensi possono accedere ai dati memorizzati presso Google.<\/p>\n\n\n\n<h3 class=\"wp-block-heading\">Trasferimento a paesi terzi<\/h3>\n\n\n\n<p>Non si pu\u00f2 escludere un trasferimento di dati verso gli USA.<\/p>\n\n\n\n<h3 class=\"wp-block-heading\">Durata della memorizzazione<\/h3>\n\n\n\n<p>I dati da noi inviati e collegati ai cookie vengono automaticamente cancellati dopo 14 mesi. I dati vengono cancellati automaticamente una volta al mese non appena viene raggiunto il periodo di memorizzazione.<\/p>\n\n\n\n<p>Potete anche impedire il rilevamento dei dati generati dal cookie e relativi al vostro utilizzo del sito web (compreso il vostro indirizzo IP) a Google e l&#8217;elaborazione di questi dati da parte di Google<\/p>\n\n\n\n<p><strong>a. non dare il proprio consenso all&#8217;installazione del cookie o<\/strong><\/p>\n\n\n\n<p><strong>b. scaricando e installando il componente aggiuntivo del browser per disabilitare Google Analytics.<\/strong><\/p>\n\n\n\n<p>Impostando il software del vostro browser in modo adeguato potete anche impedire la memorizzazione dei cookie. Se il suo browser \u00e8 impostato per rifiutare tutti i cookie, la funzionalit\u00e0 di questo e di altri siti web potrebbe essere limitata.<\/p>\n\n\n\n<p>Per ulteriori informazioni sui termini di utilizzo di Google Analytics e sulla politica sulla privacy di Google, si prega di visitare&nbsp;<a href=\"https:\/\/marketingplatform.google.com\/about\/analytics\/terms\/it\/\" target=\"_blank\" rel=\"noreferrer noopener\">https:\/\/marketingplatform.google.com\/about\/analytics\/terms\/it\/<\/a>&nbsp;o sotto&nbsp;<a href=\"https:\/\/policies.google.com\/?hl=it\" target=\"_blank\" rel=\"noreferrer noopener\">https:\/\/policies.google.com\/?hl=it<\/a>.<\/p>\n\n\n\n<h3 class=\"wp-block-heading\">Google-Maps<\/h3>\n\n\n\n<p>Il nostro sito Web utilizza Google Maps per visualizzare la nostra posizione e fornire indicazioni. Questo \u00e8 un servizio fornito da Google Inc., 1600 Amphitheatre Parkway, Mountain View, CA 94043 (di seguito: Google). Attraverso la certificazione secondo lo&nbsp;<a href=\"https:\/\/www.privacyshield.gov\/participant?id=a2zt000000001L5AAI&amp;status=Active\">EU-US Privacy Shield<\/a>, Google garantisce che seguir\u00e0 i regolamenti dell&#8217;UE sulla protezione dei dati durante l&#8217;elaborazione dei dati negli Stati Uniti.<br>Se accedi ai componenti di Google Maps integrati nel nostro sito web, Google memorizzer\u00e0 un cookie sul tuo dispositivo tramite il browser. Le impostazioni e i dati dell&#8217;utente vengono elaborati per visualizzare la nostra posizione e creare una descrizione del percorso. Non possiamo impedire a Google di utilizzare server negli Stati Uniti. La base legale \u00e8 l&#8217;art. 6 Par. 1 lit. f) GDPR. Il nostro interesse legittimo sta nell&#8217;ottimizzare la funzionalit\u00e0 del nostro sito web.<\/p>\n\n\n\n<p>Collegandosi a Google in questo modo, Google pu\u00f2 determinare da quale sito Web \u00e8 stata inviata la richiesta e a quale indirizzo IP vengono trasmesse le indicazioni. Se non accetti questo trattamento, hai la possibilit\u00e0 di impedire l&#8217;installazione dei cookie effettuando le impostazioni appropriate nel tuo browser.<\/p>\n\n\n\n<p>Inoltre, l&#8217;utilizzo di Google Maps e le informazioni ottenute tramite Google Maps \u00e8 regolato dai&nbsp;<a href=\"https:\/\/www.google.de\/accounts\/TOS\" target=\"_blank\" rel=\"noreferrer noopener\">Termini di utilizzo di Google<\/a>,&nbsp;<a href=\"https:\/\/policies.google.com\/terms?gl=DE&amp;hl=de\" target=\"_blank\" rel=\"noreferrer noopener\">policies.google.com\/terms<\/a>&nbsp;e&nbsp;<a href=\"https:\/\/www.google.com\/intl\/de_de\/help\/terms_maps.html\" target=\"_blank\" rel=\"noreferrer noopener\">Termini e condizioni per Google Maps<\/a>. Google offre inoltre ulteriori informazioni su&nbsp;<a href=\"https:\/\/adssettings.google.com\/authenticated\" target=\"_blank\" rel=\"noreferrer noopener\">adssettings.google.com\/authenticated<\/a>&nbsp;e&nbsp;<a href=\"https:\/\/policies.google.com\/privacy\" target=\"_blank\" rel=\"noreferrer noopener\">policies.google.com\/privacy<\/a><em><small><\/small><\/em><\/p>\n\n\n\n<h3 class=\"wp-block-heading\">Google Fonts<\/h3>\n\n\n\n<p>Il nostro sito web utilizza Google Fonts per visualizzare caratteri esterni. Questo \u00e8 un servizio fornito da Google Inc., 1600 Amphitheatre Parkway, Mountain View, CA 94043 (di seguito: Google). Attraverso la certificazione secondo lo&nbsp;<a href=\"https:\/\/www.privacyshield.gov\/participant?id=a2zt000000001L5AAI&amp;status=Active\" target=\"_blank\" rel=\"noreferrer noopener\">EU-US Privacy Shield<\/a>, Google garantisce che seguir\u00e0 i regolamenti dell&#8217;UE sulla protezione dei dati durante l&#8217;elaborazione dei dati negli Stati Uniti. Per abilitare la visualizzazione di determinati caratteri sul nostro sito Web, \u00e8 necessaria una connessione al server di Google negli Stati Uniti. stabilito ogni volta che si accede al nostro sito web. La base legale \u00e8 l&#8217;art. 6 Par. 1 lit. f) GDPR. Il nostro interesse legittimo risiede nell&#8217;ottimizzazione e nella gestione economica del nostro sito.<\/p>\n\n\n\n<p>Quando accedi al nostro sito, viene stabilita una connessione a Google da cui Google pu\u00f2 identificare il sito da cui \u00e8 stata inviata la richiesta e a quale indirizzo IP vengono trasmessi i font per la visualizzazione. Google offre informazioni dettagliate su&nbsp;<a href=\"https:\/\/adssettings.google.com\/authenticated\" target=\"_blank\" rel=\"noreferrer noopener\">adssettings.google.com\/authenticated<\/a>&nbsp;e&nbsp;<a href=\"https:\/\/policies.google.com\/privacy\" target=\"_blank\" rel=\"noreferrer noopener\">policies.google.com\/privacy<\/a>, in particolare sulle opzioni per impedire l&#8217;utilizzo dei dati.<em><small><\/small><\/em><\/p>\n\n\n\n<h3 class=\"wp-block-heading\">YouTube<\/h3>\n\n\n\n<p>Usiamo YouTube sul nostro sito web. Questo \u00e8 un portale video gestito da YouTube LLC, 901 Cherry Ave, 94066 San Bruno, CA, USA, di seguito denominato &#8220;YouTube&#8221;. YouTube \u00e8 una consociata di Google LLC, 1600 Amphitheatre Parkway, Mountain View, CA 94043 USA, di seguito denominata &#8220;Google&#8221;. Mediante la certificazione secondo lo&nbsp;<a href=\"https:\/\/www.privacyshield.gov\/participant?id=a2zt000000001L5AAI&amp;status=Active\" target=\"_blank\" rel=\"noreferrer noopener\">EU-US Privacy Shield<\/a>, Google e la sua consociata di YouTube garantiscono che seguiranno le normative sulla protezione dei dati dell&#8217;UE durante l&#8217;elaborazione dei dati negli Stati Uniti.<\/p>\n\n\n\n<p>Usiamo YouTube nella sua modalit\u00e0 privacy avanzata per mostrarti video. La base legale \u00e8 l&#8217;art. 6 Par. 1 lit. f) GDPR. Il nostro interesse legittimo sta nel migliorare la qualit\u00e0 del nostro sito web. Secondo YouTube, la modalit\u00e0 di privacy avanzata significa che i dati specificati di seguito verranno trasmessi al server di YouTube solo se inizi effettivamente un video. Senza questa modalit\u00e0, verr\u00e0 stabilita una connessione al server di YouTube negli Stati Uniti non appena si accede a una delle nostre pagine Web su cui \u00e8 incorporato un video di YouTube. Questa connessione \u00e8 necessaria per poter visualizzare i rispettivi video sul nostro sito Web all&#8217;interno del browser. YouTube registrer\u00e0 ed elaborer\u00e0 almeno il tuo indirizzo IP, la data e l&#8217;ora in cui \u00e8 stato visualizzato il video, nonch\u00e9 il sito web visitato. Inoltre, viene stabilita una connessione alla rete pubblicitaria DoubleClick di Google. Se hai effettuato l&#8217;accesso a YouTube quando accedi al nostro sito, YouTube assegner\u00e0 le informazioni di connessione al tuo account YouTube. Per evitare ci\u00f2, devi disconnetterti da YouTube prima di visitare il nostro sito o configurare le impostazioni appropriate nel tuo account YouTube.<\/p>\n\n\n\n<p>Ai fini della funzionalit\u00e0 e dell&#8217;analisi del comportamento di utilizzo, YouTube memorizza in modo permanente i cookie sul tuo dispositivo tramite il browser. Se non accetti questo trattamento, hai la possibilit\u00e0 di impedire l&#8217;installazione dei cookie effettuando le impostazioni appropriate nel tuo browser.<\/p>\n\n\n\n<p>Ulteriori informazioni sulla raccolta e sull&#8217;uso dei dati, nonch\u00e9 i tuoi diritti e le opzioni di protezione nelle norme sulla privacy di Google sono disponibili all&#8217;indirizzo&nbsp;<a href=\"https:\/\/policies.google.com\/privacy\" target=\"_blank\" rel=\"noreferrer noopener\">policies.google.com\/privacy<\/a>.<\/p>\n","protected":false},"excerpt":{"rendered":"<p>Informazioni di base La presente informativa sulla privacy ha lo scopo di informare gli utenti di questo sito web sulla [&hellip;]<\/p>\n","protected":false},"author":1,"featured_media":0,"parent":0,"menu_order":0,"comment_status":"closed","ping_status":"closed","template":"","meta":{"_uag_custom_page_level_css":"","site-sidebar-layout":"default","site-content-layout":"","ast-site-content-layout":"default","site-content-style":"default","site-sidebar-style":"default","ast-global-header-display":"","ast-banner-title-visibility":"","ast-main-header-display":"","ast-hfb-above-header-display":"","ast-hfb-below-header-display":"","ast-hfb-mobile-header-display":"","site-post-title":"","ast-breadcrumbs-content":"","ast-featured-img":"","footer-sml-layout":"","theme-transparent-header-meta":"","adv-header-id-meta":"","stick-header-meta":"","header-above-stick-meta":"","header-main-stick-meta":"","header-below-stick-meta":"","astra-migrate-meta-layouts":"default","ast-page-background-enabled":"default","ast-page-background-meta":{"desktop":{"background-color":"var(--ast-global-color-5)","background-image":"","background-repeat":"repeat","background-position":"center center","background-size":"auto","background-attachment":"scroll","background-type":"","background-media":"","overlay-type":"","overlay-color":"","overlay-opacity":"","overlay-gradient":""},"tablet":{"background-color":"","background-image":"","background-repeat":"repeat","background-position":"center center","background-size":"auto","background-attachment":"scroll","background-type":"","background-media":"","overlay-type":"","overlay-color":"","overlay-opacity":"","overlay-gradient":""},"mobile":{"background-color":"","background-image":"","background-repeat":"repeat","background-position":"center center","background-size":"auto","background-attachment":"scroll","background-type":"","background-media":"","overlay-type":"","overlay-color":"","overlay-opacity":"","overlay-gradient":""}},"ast-content-background-meta":{"desktop":{"background-color":"var(--ast-global-color-4)","background-image":"","background-repeat":"repeat","background-position":"center center","background-size":"auto","background-attachment":"scroll","background-type":"","background-media":"","overlay-type":"","overlay-color":"","overlay-opacity":"","overlay-gradient":""},"tablet":{"background-color":"var(--ast-global-color-4)","background-image":"","background-repeat":"repeat","background-position":"center center","background-size":"auto","background-attachment":"scroll","background-type":"","background-media":"","overlay-type":"","overlay-color":"","overlay-opacity":"","overlay-gradient":""},"mobile":{"background-color":"var(--ast-global-color-4)","background-image":"","background-repeat":"repeat","background-position":"center center","background-size":"auto","background-attachment":"scroll","background-type":"","background-media":"","overlay-type":"","overlay-color":"","overlay-opacity":"","overlay-gradient":""}},"footnotes":""},"class_list":["post-507","page","type-page","status-publish","hentry"],"uagb_featured_image_src":{"full":false,"thumbnail":false,"medium":false,"medium_large":false,"large":false,"1536x1536":false,"2048x2048":false},"uagb_author_info":{"display_name":"admin","author_link":false},"uagb_comment_info":0,"uagb_excerpt":"Informazioni di base La presente informativa sulla privacy ha lo scopo di informare gli utenti di questo sito web sulla [&hellip;]","_links":{"self":[{"href":"https:\/\/places-interreg.eu\/index.php?rest_route=\/wp\/v2\/pages\/507","targetHints":{"allow":["GET"]}}],"collection":[{"href":"https:\/\/places-interreg.eu\/index.php?rest_route=\/wp\/v2\/pages"}],"about":[{"href":"https:\/\/places-interreg.eu\/index.php?rest_route=\/wp\/v2\/types\/page"}],"author":[{"embeddable":true,"href":"https:\/\/places-interreg.eu\/index.php?rest_route=\/wp\/v2\/users\/1"}],"replies":[{"embeddable":true,"href":"https:\/\/places-interreg.eu\/index.php?rest_route=%2Fwp%2Fv2%2Fcomments&post=507"}],"version-history":[{"count":2,"href":"https:\/\/places-interreg.eu\/index.php?rest_route=\/wp\/v2\/pages\/507\/revisions"}],"predecessor-version":[{"id":512,"href":"https:\/\/places-interreg.eu\/index.php?rest_route=\/wp\/v2\/pages\/507\/revisions\/512"}],"wp:attachment":[{"href":"https:\/\/places-interreg.eu\/index.php?rest_route=%2Fwp%2Fv2%2Fmedia&parent=507"}],"curies":[{"name":"wp","href":"https:\/\/api.w.org\/{rel}","templated":true}]}}