{"id":506,"date":"2026-01-20T08:58:04","date_gmt":"2026-01-20T06:58:04","guid":{"rendered":"https:\/\/places-interreg.eu\/?page_id=506"},"modified":"2026-01-20T09:17:48","modified_gmt":"2026-01-20T07:17:48","slug":"trattamento-dei-dati-personali","status":"publish","type":"page","link":"https:\/\/places-interreg.eu\/?page_id=506&lang=de","title":{"rendered":"Trattamento dei dati personali"},"content":{"rendered":"\n<h2 class=\"wp-block-heading\">Datenschutzerkl\u00e4rung<\/h2>\n\n\n\n<h3 class=\"wp-block-heading\">Grundlegendes<\/h3>\n\n\n\n<p>Diese Datenschutzerkl\u00e4rung soll die Nutzer dieser Website \u00fcber die Art, den Umfang und den Zweck der Erhebung und Verwendung personenbezogener Daten durch den Websitebetreiber&nbsp;<strong>PLACES Projektkonsortium &#8211; LP La Piccionaia<\/strong>&nbsp;informieren.<\/p>\n\n\n\n<p>Der Websitebetreiber nimmt Ihren Datenschutz sehr ernst und behandelt Ihre personenbezogenen Daten vertraulich und entsprechend der gesetzlichen Vorschriften.<\/p>\n\n\n\n<h3 class=\"wp-block-heading\">Umgang mit Kontaktdaten<\/h3>\n\n\n\n<p>Nehmen Sie mit uns als Websitebetreiber durch die angebotenen Kontaktm\u00f6glichkeiten Verbindung auf, werden Ihre Angaben gespeichert, damit auf diese zur Bearbeitung und Beantwortung Ihrer Anfrage zur\u00fcckgegriffen werden kann. Ohne Ihre Einwilligung werden diese Daten nicht an Dritte weitergegeben.<\/p>\n\n\n\n<h3 class=\"wp-block-heading\">Rechte des Nutzers<\/h3>\n\n\n\n<p>Sie haben als Nutzer das Recht, auf Antrag eine kostenlose Auskunft dar\u00fcber zu erhalten, welche personenbezogenen Daten \u00fcber Sie gespeichert wurden. Sie haben au\u00dferdem das Recht auf Berichtigung falscher Daten und auf die Verarbeitungseinschr\u00e4nkung oder L\u00f6schung Ihrer personenbezogenen Daten. Falls zutreffend, k\u00f6nnen Sie auch Ihr Recht auf Datenportabilit\u00e4t geltend machen. Sollten Sie annehmen, dass Ihre Daten unrechtm\u00e4\u00dfig verarbeitet wurden, k\u00f6nnen Sie eine Beschwerde bei der zust\u00e4ndigen Aufsichtsbeh\u00f6rde einreichen.<\/p>\n\n\n\n<h3 class=\"wp-block-heading\">L\u00f6schung von Daten<\/h3>\n\n\n\n<p>Sofern Ihr Wunsch nicht mit einer gesetzlichen Pflicht zur Aufbewahrung von Daten (z. B. Vorratsdatenspeicherung) kollidiert, haben Sie ein Anrecht auf L\u00f6schung Ihrer Daten. Von uns gespeicherte Daten werden, sollten sie f\u00fcr ihre Zweckbestimmung nicht mehr vonn\u00f6ten sein und es keine gesetzlichen Aufbewahrungsfristen geben, gel\u00f6scht. Falls eine L\u00f6schung nicht durchgef\u00fchrt werden kann, da die Daten f\u00fcr zul\u00e4ssige gesetzliche Zwecke erforderlich sind, erfolgt eine Einschr\u00e4nkung der Datenverarbeitung. In diesem Fall werden die Daten gesperrt und nicht f\u00fcr andere Zwecke verarbeitet.<\/p>\n\n\n\n<h3 class=\"wp-block-heading\">Widerspruchsrecht<\/h3>\n\n\n\n<p>Nutzer dieser Webseite k\u00f6nnen von ihrem Widerspruchsrecht Gebrauch machen und der Verarbeitung ihrer personenbezogenen Daten zu jeder Zeit widersprechen.<\/p>\n\n\n\n<p>Wenn Sie eine Berichtigung, Sperrung, L\u00f6schung oder Auskunft \u00fcber die zu Ihrer Person gespeicherten personenbezogenen Daten w\u00fcnschen oder Fragen bzgl. der Erhebung, Verarbeitung oder Verwendung Ihrer personenbezogenen Daten haben oder erteilte Einwilligungen widerrufen m\u00f6chten, wenden Sie sich bitte an folgende E-Mail-Adresse:&nbsp;<a href=\"mailto:info@places-interreg.eu\">info@places-interreg.eu<\/a><\/p>\n\n\n\n<h3 class=\"wp-block-heading\">Google Analytics<\/h3>\n\n\n\n<p>Soweit Sie Ihre Einwilligung erkl\u00e4rt haben, wird auf dieser Website Google Analytics eingesetzt, ein Webanalysedienst der Google LLC. Zust\u00e4ndiger Dienstanbieter in der EU ist die Google Ireland Limited, Gordon House, Barrow Street, Dublin 4, Irland (\u201eGoogle\u201c).<\/p>\n\n\n\n<h3 class=\"wp-block-heading\">Umfang der Verarbeitung<\/h3>\n\n\n\n<p>Google Analytics verwendet Cookies, die eine Analyse der Benutzung unserer Webseiten durch Sie erm\u00f6glichen. Die mittels der Cookies erhobenen Informationen \u00fcber Ihre Benutzung dieser Website werden in der Regel an einen Server von Google in den USA \u00fcbertragen und dort gespeichert.<\/p>\n\n\n\n<p>Wir nutzen die Funktion User-ID. Mithilfe der User ID k\u00f6nnen wir einer oder mehreren Sitzungen (und den Aktivit\u00e4ten innerhalb dieser Sitzungen) eine eindeutige, dauerhafte ID zuweisen und Nutzerverhalten ger\u00e4te\u00fcbergreifend analysieren.<\/p>\n\n\n\n<p>Wir nutzen Google Signale. Damit werden in Google Analytics zus\u00e4tzliche Informationen zu Nutzern erfasst, die personalisierte Anzeigen aktiviert haben (Interessen und demographische Daten) und Anzeigen k\u00f6nnen in ger\u00e4te\u00fcbergreifenden Remarketing-Kampagnen an diese Nutzer ausgeliefert werden.<\/p>\n\n\n\n<p>Wir nutzen die Funktion \u2018anonymizeIP\u2019 (sog. IP-Masking): Aufgrund der Aktivierung der IP-Anonymisierung auf dieser Webseite wird Ihre IP-Adresse von Google innerhalb von Mitgliedstaaten der Europ\u00e4ischen Union oder in anderen Vertragsstaaten des Abkommens \u00fcber den Europ\u00e4ischen Wirtschaftsraum gek\u00fcrzt. Nur in Ausnahmef\u00e4llen wird die volle IP-Adresse an einen Server von Google in den USA \u00fcbertragen und dort gek\u00fcrzt. Die im Rahmen von Google Analytics von Ihrem Browser \u00fcbermittelte IP-Adresse wird nicht mit anderen Daten von Google zusammengef\u00fchrt.<\/p>\n\n\n\n<p><strong>W\u00e4hrend Ihres Website-Besuchs werden u.a. folgende Daten erfasst:<\/strong><\/p>\n\n\n\n<ul class=\"wp-block-list\">\n<li>die von Ihnen aufgerufenen Seiten, Ihr \u201eKlickpfad\u201c<\/li>\n\n\n\n<li>Erreichung von \u201eWebsite-Zielen\u201c (Conversions, z.B. Newsletter-Anmeldungen, Downloads, K\u00e4ufe)<\/li>\n\n\n\n<li>Ihr Nutzerverhalten (beispielsweise Klicks, Verweildauer, Absprungraten)<\/li>\n\n\n\n<li>Ihr ungef\u00e4hrer Standort (Region)<\/li>\n\n\n\n<li>Ihre IP-Adresse (in gek\u00fcrzter Form)<\/li>\n\n\n\n<li>technische Informationen zu Ihrem Browser und den von Ihnen genutzten Endger\u00e4ten (z.B. Spracheinstellung, Bildschirmaufl\u00f6sung)<\/li>\n\n\n\n<li>Ihr Internetanbieter<\/li>\n\n\n\n<li>die Referrer-URL (\u00fcber welche Website\/ \u00fcber welches Werbemittel Sie auf diese Website gekommen sind)<\/li>\n<\/ul>\n\n\n\n<h3 class=\"wp-block-heading\">Zwecke der Verarbeitung<\/h3>\n\n\n\n<p>Im Auftrag des Betreibers dieser Website wird Google diese Informationen benutzen, um Ihre (pseudonyme [NICHT BEI NUTZUNG VON USER-ID]) Nutzung der Website auszuwerten und um Reports \u00fcber die Website-Aktivit\u00e4ten zusammenzustellen. Die durch Google Analytics bereitgestellten Reports dienen der Analyse der Leistung unserer Website [OPTIONAL] und des Erfolgs unserer Marketing-Kampagnen.<\/p>\n\n\n\n<h3 class=\"wp-block-heading\">Empf\u00e4nger<\/h3>\n\n\n\n<p>Empf\u00e4nger der Daten ist Google Ireland Limited, Gordon House, Barrow Street, Dublin 4, Irland als Auftragsverarbeiter. Hierf\u00fcr haben wir mit Google einen Auftragsverarbeitungsvertrag abgeschlossen. Die Google LLC mit Sitz in Kalifornien, USA, und ggf. US-amerikanische Beh\u00f6rden k\u00f6nnen auf die bei Google gespeicherten Daten zugreifen.<\/p>\n\n\n\n<h3 class=\"wp-block-heading\">\u00dcbermittlung in Drittstaaten<\/h3>\n\n\n\n<p>Eine \u00dcbermittlung von Daten in die USA kann nicht ausgeschlossen werden.<\/p>\n\n\n\n<h3 class=\"wp-block-heading\">Speicherdauer<\/h3>\n\n\n\n<p>Die von uns gesendeten und mit Cookies verkn\u00fcpften Daten werden nach 14 Monaten automatisch gel\u00f6scht. Die L\u00f6schung von Daten, deren Aufbewahrungsdauer erreicht ist, erfolgt automatisch einmal im Monat.<\/p>\n\n\n\n<p>Sie k\u00f6nnen dar\u00fcber hinaus die Erfassung der durch das Cookie erzeugten und auf Ihre Nutzung der Website bezogenen Daten (inkl. Ihrer IP-Adresse) an Google sowie die Verarbeitung dieser Daten durch Google verhindern, indem Sie<\/p>\n\n\n\n<p><strong>a. Ihre Einwilligung in das Setzen des Cookies nicht erteilen oder<\/strong><\/p>\n\n\n\n<p><strong>b. das Browser-Add-on zur Deaktivierung von Google Analytics HIER herunterladen und installieren.<\/strong><\/p>\n\n\n\n<p>Sie k\u00f6nnen die Speicherung von Cookies auch durch eine entsprechende Einstellung Ihrer Browser-Software verhindern. Wenn Sie Ihren Browser so konfigurieren, dass alle Cookies abgelehnt werden, kann es jedoch zu Einschr\u00e4nkung von Funktionalit\u00e4ten auf dieser und anderen Websites kommen.<\/p>\n\n\n\n<p>N\u00e4here Informationen zu Nutzungsbedingungen von Google Analytics und zum Datenschutz bei Google finden Sie unter&nbsp;<a href=\"https:\/\/marketingplatform.google.com\/about\/analytics\/terms\/de\/\" target=\"_blank\" rel=\"noreferrer noopener\">https:\/\/marketingplatform.google.com\/about\/analytics\/terms\/de\/<\/a>&nbsp;und unter&nbsp;<a href=\"https:\/\/policies.google.com\/?hl=de\" target=\"_blank\" rel=\"noreferrer noopener\">https:\/\/policies.google.com\/?hl=de<\/a>.<\/p>\n\n\n\n<h3 class=\"wp-block-heading\">Google-Maps<\/h3>\n\n\n\n<p>In unserem Internetauftritt setzen wir Google Maps zur Darstellung unseres Standorts sowie zur Erstellung einer Anfahrtsbeschreibung ein. Es handelt sich hierbei um einen Dienst der Google LLC, 1600 Amphitheatre Parkway, Mountain View, CA 94043 USA, nachfolgend nur \u201eGoogle\u201c genannt. Durch die Zertifizierung nach dem EU-US-Datenschutzschild (\u201e<a href=\"https:\/\/www.privacyshield.gov\/participant?id=a2zt000000001L5AAI&amp;status=Active\" target=\"_blank\" rel=\"noreferrer noopener\">EU-US Privacy Shield<\/a>\u201c) garantiert Google, dass die Datenschutzvorgaben der EU auch bei der Verarbeitung von Daten in den USA eingehalten werden.<\/p>\n\n\n\n<p>Sofern Sie die in unseren Internetauftritt eingebundene Komponente Google Maps aufrufen, speichert Google \u00fcber Ihren Internet-Browser ein Cookie auf Ihrem Endger\u00e4t. Um unseren Standort anzuzeigen und eine Anfahrtsbeschreibung zu erstellen, werden Ihre Nutzereinstellungen und -daten verarbeitet. Hierbei k\u00f6nnen wir nicht ausschlie\u00dfen, dass Google Server in den USA einsetzt. Rechtsgrundlage ist Art. 6 Abs. 1 lit. f) DSGVO. Unser berechtigtes Interesse liegt in der Optimierung der Funktionalit\u00e4t unseres Internetauftritts.<\/p>\n\n\n\n<p>Durch die so hergestellte Verbindung zu Google kann Google ermitteln, von welcher Website Ihre Anfrage gesendet worden ist und an welche IP-Adresse die Anfahrtsbeschreibung zu \u00fcbermitteln ist. Sofern Sie mit dieser Verarbeitung nicht einverstanden sind, haben Sie die M\u00f6glichkeit, die Installation der Cookies durch die entsprechenden Einstellungen in Ihrem Internet-Browser zu verhindern.<\/p>\n\n\n\n<p>Zudem erfolgt die Nutzung von Google Maps sowie der \u00fcber Google Maps erlangten Informationen nach den&nbsp;<a target=\"_blank\" rel=\"noreferrer noopener\" href=\"https:\/\/www.google.de\/accounts\/TOS\">Google-Nutzungsbedingungen<\/a>,&nbsp;<a target=\"_blank\" rel=\"noreferrer noopener\" href=\"https:\/\/policies.google.com\/terms?gl=DE&amp;hl=de\">policies.google.com\/terms<\/a>&nbsp;und den&nbsp;<a target=\"_blank\" rel=\"noreferrer noopener\" href=\"https:\/\/www.google.com\/intl\/de_de\/help\/terms_maps.html\">Gesch\u00e4ftsbedingungen f\u00fcr Google Maps<\/a>.<\/p>\n\n\n\n<p>\u00dcberdies bietet Google unter&nbsp;<a target=\"_blank\" rel=\"noreferrer noopener\" href=\"https:\/\/adssettings.google.com\/authenticated\">adssettings.google.com\/authenticated<\/a>&nbsp;,&nbsp;<a target=\"_blank\" rel=\"noreferrer noopener\" href=\"https:\/\/policies.google.com\/privacy\">policies.google.com\/privacy<\/a>&nbsp;weitergehende Informationen an.<em><small><\/small><\/em><\/p>\n\n\n\n<h3 class=\"wp-block-heading\">Google Fonts<\/h3>\n\n\n\n<p>In unserem Internetauftritt setzen wir Google Fonts zur Darstellung externer Schriftarten ein. Es handelt sich hierbei um einen Dienst der Google LLC, 1600 Amphitheatre Parkway, Mountain View, CA 94043 USA, nachfolgend nur \u201eGoogle\u201c genannt.<\/p>\n\n\n\n<p>Durch die Zertifizierung nach dem EU-US-Datenschutzschild (\u201e<a href=\"https:\/\/www.privacyshield.gov\/participant?id=a2zt000000001L5AAI&amp;status=Active\">EU-US Privacy Shield<\/a>\u201c) garantiert Google, dass die Datenschutzvorgaben der EU auch bei der Verarbeitung von Daten in den USA eingehalten werden.<br>Um die Darstellung bestimmter Schriften in unserem Internetauftritt zu erm\u00f6glichen, wird bei Aufruf unseres Internetauftritts eine Verbindung zu dem Google-Server in den USA aufgebaut. Rechtsgrundlage ist Art. 6 Abs. 1 lit. f) DSGVO. Unser berechtigtes Interesse liegt in der Optimierung und dem wirtschaftlichen Betrieb unseres Internetauftritts.<br>Durch die bei Aufruf unseres Internetauftritts hergestellte Verbindung zu Google kann Google ermitteln, von welcher Website Ihre Anfrage gesendet worden ist und an welche IP-Adresse die Darstellung der Schrift zu \u00fcbermitteln ist.<br>Google bietet unter&nbsp;<a target=\"_blank\" rel=\"noreferrer noopener\" href=\"https:\/\/adssettings.google.com\/authenticated\">adssettings.google.com\/authenticated<\/a>,&nbsp;<a target=\"_blank\" rel=\"noreferrer noopener\" href=\"https:\/\/policies.google.com\/privacy\">policies.google.com\/privacy<\/a>&nbsp;weitere Informationen an und zwar insbesondere zu den M\u00f6glichkeiten der Unterbindung der Datennutzung.<em><small><\/small><\/em><\/p>\n\n\n\n<h3 class=\"wp-block-heading\">YouTube<\/h3>\n\n\n\n<p>In unserem Internetauftritt setzen wir YouTube ein. Hierbei handelt es sich um ein Videoportal der YouTube LLC., 901 Cherry Ave., 94066 San Bruno, CA, USA, nachfolgend nur \u201eYouTube\u201c genannt. YouTube ist ein Tochterunternehmen der Google LLC., 1600 Amphitheatre Parkway, Mountain View, CA 94043 USA, nachfolgend nur \u201eGoogle\u201c genannt. Durch die Zertifizierung nach dem EU-US-Datenschutzschild (\u201e<a href=\"https:\/\/www.privacyshield.gov\/participant?id=a2zt000000001L5AAI&amp;status=Active\" target=\"_blank\" rel=\"noreferrer noopener\">EU-US Privacy Shield<\/a>\u201c) garantiert Google und damit auch das Tochterunternehmen YouTube, dass die Datenschutzvorgaben der EU auch bei der Verarbeitung von Daten in den USA eingehalten werden.<\/p>\n\n\n\n<p>Wir nutzen YouTube im Zusammenhang mit der Funktion \u201eErweiterter Datenschutzmodus\u201c, um Ihnen Videos anzeigen zu k\u00f6nnen. Rechtsgrundlage ist Art. 6 Abs. 1 lit. f) DSGVO. Unser berechtigtes Interesse liegt in der Qualit\u00e4tsverbesserung unseres Internetauftritts. Die Funktion \u201eErweiterter Datenschutzmodus\u201c bewirkt laut Angaben von YouTube, dass die nachfolgend noch n\u00e4her bezeichneten Daten nur dann an den Server von YouTube \u00fcbermittelt werden, wenn Sie ein Video auch tats\u00e4chlich starten. Ohne diesen \u201eErweiterten Datenschutz\u201c wird eine Verbindung zum Server von YouTube in den USA hergestellt, sobald Sie eine unserer Internetseiten, auf der ein YouTube-Video eingebettet ist, aufrufen.<\/p>\n\n\n\n<p>Diese Verbindung ist erforderlich, um das jeweilige Video auf unserer Internetseite \u00fcber Ihren Internet-Browser darstellen zu k\u00f6nnen. Im Zuge dessen wird YouTube zumindest Ihre IP-Adresse, das Datum nebst Uhrzeit sowie die von Ihnen besuchte Internetseite erfassen und verarbeiten. Zudem wird eine Verbindung zu dem Werbenetzwerk \u201eDoubleClick\u201c von Google hergestellt.<\/p>\n\n\n\n<p>Sollten Sie gleichzeitig bei YouTube eingeloggt sein, weist YouTube die Verbindungsinformationen Ihrem YouTube-Konto zu. Wenn Sie das verhindern m\u00f6chten, m\u00fcssen Sie sich entweder vor dem Besuch unseres Internetauftritts bei YouTube ausloggen oder die entsprechenden Einstellungen in Ihrem YouTube-Benutzerkonto vornehmen.<\/p>\n\n\n\n<p>Zum Zwecke der Funktionalit\u00e4t sowie zur Analyse des Nutzungsverhaltens speichert YouTube dauerhaft Cookies \u00fcber Ihren Internet-Browser auf Ihrem Endger\u00e4t. Falls Sie mit dieser Verarbeitung nicht einverstanden sind, haben Sie die M\u00f6glichkeit, die Speicherung der Cookies durch eine Einstellung in Ihrem Internet-Browsers zu verhindern.<\/p>\n\n\n\n<p>Weitergehende Informationen \u00fcber die Erhebung und Nutzung von Daten sowie Ihre diesbez\u00fcglichen Rechte und Schutzm\u00f6glichkeiten h\u00e4lt Google in den unter&nbsp;<a target=\"_blank\" rel=\"noreferrer noopener\" href=\"https:\/\/policies.google.com\/privacy\">policies.google.com\/privacy<\/a>&nbsp;abrufbaren Datenschutzhinweisen bereit.<\/p>\n\n\n\n<p><\/p>\n","protected":false},"excerpt":{"rendered":"<p>Datenschutzerkl\u00e4rung Grundlegendes Diese Datenschutzerkl\u00e4rung soll die Nutzer dieser Website \u00fcber die Art, den Umfang und den Zweck der Erhebung und [&hellip;]<\/p>\n","protected":false},"author":1,"featured_media":0,"parent":0,"menu_order":0,"comment_status":"closed","ping_status":"closed","template":"","meta":{"_uag_custom_page_level_css":"","site-sidebar-layout":"default","site-content-layout":"","ast-site-content-layout":"default","site-content-style":"default","site-sidebar-style":"default","ast-global-header-display":"","ast-banner-title-visibility":"","ast-main-header-display":"","ast-hfb-above-header-display":"","ast-hfb-below-header-display":"","ast-hfb-mobile-header-display":"","site-post-title":"","ast-breadcrumbs-content":"","ast-featured-img":"","footer-sml-layout":"","theme-transparent-header-meta":"","adv-header-id-meta":"","stick-header-meta":"","header-above-stick-meta":"","header-main-stick-meta":"","header-below-stick-meta":"","astra-migrate-meta-layouts":"default","ast-page-background-enabled":"default","ast-page-background-meta":{"desktop":{"background-color":"var(--ast-global-color-5)","background-image":"","background-repeat":"repeat","background-position":"center center","background-size":"auto","background-attachment":"scroll","background-type":"","background-media":"","overlay-type":"","overlay-color":"","overlay-opacity":"","overlay-gradient":""},"tablet":{"background-color":"","background-image":"","background-repeat":"repeat","background-position":"center center","background-size":"auto","background-attachment":"scroll","background-type":"","background-media":"","overlay-type":"","overlay-color":"","overlay-opacity":"","overlay-gradient":""},"mobile":{"background-color":"","background-image":"","background-repeat":"repeat","background-position":"center center","background-size":"auto","background-attachment":"scroll","background-type":"","background-media":"","overlay-type":"","overlay-color":"","overlay-opacity":"","overlay-gradient":""}},"ast-content-background-meta":{"desktop":{"background-color":"var(--ast-global-color-4)","background-image":"","background-repeat":"repeat","background-position":"center center","background-size":"auto","background-attachment":"scroll","background-type":"","background-media":"","overlay-type":"","overlay-color":"","overlay-opacity":"","overlay-gradient":""},"tablet":{"background-color":"var(--ast-global-color-4)","background-image":"","background-repeat":"repeat","background-position":"center center","background-size":"auto","background-attachment":"scroll","background-type":"","background-media":"","overlay-type":"","overlay-color":"","overlay-opacity":"","overlay-gradient":""},"mobile":{"background-color":"var(--ast-global-color-4)","background-image":"","background-repeat":"repeat","background-position":"center center","background-size":"auto","background-attachment":"scroll","background-type":"","background-media":"","overlay-type":"","overlay-color":"","overlay-opacity":"","overlay-gradient":""}},"footnotes":""},"class_list":["post-506","page","type-page","status-publish","hentry"],"uagb_featured_image_src":{"full":false,"thumbnail":false,"medium":false,"medium_large":false,"large":false,"1536x1536":false,"2048x2048":false},"uagb_author_info":{"display_name":"admin","author_link":false},"uagb_comment_info":0,"uagb_excerpt":"Datenschutzerkl\u00e4rung Grundlegendes Diese Datenschutzerkl\u00e4rung soll die Nutzer dieser Website \u00fcber die Art, den Umfang und den Zweck der Erhebung und [&hellip;]","_links":{"self":[{"href":"https:\/\/places-interreg.eu\/index.php?rest_route=\/wp\/v2\/pages\/506","targetHints":{"allow":["GET"]}}],"collection":[{"href":"https:\/\/places-interreg.eu\/index.php?rest_route=\/wp\/v2\/pages"}],"about":[{"href":"https:\/\/places-interreg.eu\/index.php?rest_route=\/wp\/v2\/types\/page"}],"author":[{"embeddable":true,"href":"https:\/\/places-interreg.eu\/index.php?rest_route=\/wp\/v2\/users\/1"}],"replies":[{"embeddable":true,"href":"https:\/\/places-interreg.eu\/index.php?rest_route=%2Fwp%2Fv2%2Fcomments&post=506"}],"version-history":[{"count":2,"href":"https:\/\/places-interreg.eu\/index.php?rest_route=\/wp\/v2\/pages\/506\/revisions"}],"predecessor-version":[{"id":514,"href":"https:\/\/places-interreg.eu\/index.php?rest_route=\/wp\/v2\/pages\/506\/revisions\/514"}],"wp:attachment":[{"href":"https:\/\/places-interreg.eu\/index.php?rest_route=%2Fwp%2Fv2%2Fmedia&parent=506"}],"curies":[{"name":"wp","href":"https:\/\/api.w.org\/{rel}","templated":true}]}}