{"id":269,"date":"2025-04-03T08:11:12","date_gmt":"2025-04-03T06:11:12","guid":{"rendered":"https:\/\/places-interreg.eu\/?page_id=269"},"modified":"2025-05-20T12:22:20","modified_gmt":"2025-05-20T10:22:20","slug":"partnership","status":"publish","type":"page","link":"https:\/\/places-interreg.eu\/?page_id=269&lang=en","title":{"rendered":"Partnership"},"content":{"rendered":"\n<div class=\"wp-block-columns is-layout-flex wp-container-core-columns-is-layout-28f84493 wp-block-columns-is-layout-flex\">\n<div class=\"wp-block-column is-layout-flow wp-block-column-is-layout-flow\" style=\"flex-basis:33.33%\">\n<h2 class=\"wp-block-heading\">LP project coordinator<\/h2>\n\n\n\n<div class=\"wp-block-uagb-image uagb-block-9daa3c11 wp-block-uagb-image--layout-default wp-block-uagb-image--effect-static wp-block-uagb-image--align-none\"><figure class=\"wp-block-uagb-image__figure\"><img decoding=\"async\" srcset=\"https:\/\/places-interreg.eu\/wp-content\/uploads\/2025\/04\/piccionaia.png ,https:\/\/places-interreg.eu\/wp-content\/uploads\/2025\/04\/piccionaia.png 780w, https:\/\/places-interreg.eu\/wp-content\/uploads\/2025\/04\/piccionaia.png 360w\" sizes=\"auto, (max-width: 480px) 150px\" src=\"https:\/\/places-interreg.eu\/wp-content\/uploads\/2025\/04\/piccionaia.png\" alt=\"Logo de La Piccionaia\" class=\"uag-image-59\" width=\"700\" height=\"204\" title=\"logo-piccionaia\" loading=\"lazy\" role=\"img\"\/><\/figure><\/div>\n\n\n\n<p class=\"has-text-align-center\">LA PICCIONAIA S.C.S.<br>Piazza Insurrezione 28 Aprile 1945<br>35139 Padova (PD)<\/p>\n\n\n\n<p class=\"has-text-align-center\"><a href=\"http:\/\/www.piccionaia.it\">www.piccionaia.it<\/a><\/p>\n<\/div>\n\n\n\n<div class=\"wp-block-column is-layout-flow wp-block-column-is-layout-flow\" style=\"flex-basis:66.66%\">\n<p style=\"border-width:1px;padding-top:5px;padding-right:5px;padding-bottom:5px;padding-left:5px\">As part of its territorial cultural design activity, La Piccionaia is committed to territorial and community development through the tools of theater and performing arts, research and experimentation of new languages and technologies related to innovative modes of production and fruition, for the active participation of individuals, groups and communities, involved in co-design and cocreation paths related to territorial issues or collective social interest. La Piccionaia develops and implements this type of participatory-creative devices particularly in the project field, at local, national and European levels, aimed at achieving objectives such as environmental education, community development, social inclusion, territorial enhancement. <br>One example is the development of a creative device called &#8220;Silent Play,&#8221; a dramaturgy of places project for the creation of multimedia, immersive and relational sound itineraries, which has found application at the local, national and European levels. It is a project that promotes in communities the awareness of their cultural and landscape heritage in a relationship of reappropriation and care, and that on the one hand gives it back to the community itself, to see its territory with new eyes, and tells about it to visitors making them protagonists of a unique experience. Among the Silent Plays realized: &#8220;Palladio between the lines&#8221; (for the Municipality of Vicenza); &#8220;Silent Play for Dante&#8221; (for the Municipality of Ravenna); &#8220;The Secrets of Lagole&#8221;; &#8220;The last Basalisch&#8221; (for the Dolomites digital museum Dolom.it).<br>La Piccionaia will contribute to the project from the point of view of promoting children&#8217;s and families&#8217; access to cultural and museum heritage, co-designing with partners activities and products to engage younger people and to facilitate enjoyment in an intergenerational dimension.<br>Finally, La Piccionaia has great experience in organizing events, theater programs and festivals, and will therefore contribute to the project with its organizational capacity for the implementation of workshop activities and the public events for the visibility of the project and the dissemination of its results, in particular, those that will take place at the pilot sites.<\/p>\n<\/div>\n<\/div>\n\n\n\n<div class=\"wp-block-columns is-layout-flex wp-container-core-columns-is-layout-28f84493 wp-block-columns-is-layout-flex\">\n<div class=\"wp-block-column is-layout-flow wp-block-column-is-layout-flow\" style=\"flex-basis:33.33%\">\n<h2 class=\"wp-block-heading\">Partner PP1<\/h2>\n\n\n\n<div class=\"wp-block-uagb-image uagb-block-903e09dc wp-block-uagb-image--layout-default wp-block-uagb-image--effect-static wp-block-uagb-image--align-none\"><figure class=\"wp-block-uagb-image__figure\"><img decoding=\"async\" srcset=\"https:\/\/places-interreg.eu\/wp-content\/uploads\/2025\/04\/indep.png ,https:\/\/places-interreg.eu\/wp-content\/uploads\/2025\/04\/indep.png 780w, https:\/\/places-interreg.eu\/wp-content\/uploads\/2025\/04\/indep.png 360w\" sizes=\"auto, (max-width: 480px) 150px\" src=\"https:\/\/places-interreg.eu\/wp-content\/uploads\/2025\/04\/indep.png\" alt=\"L\u00a7go della Cooperativa sociale independent L.\" class=\"uag-image-57\" width=\"698\" height=\"251\" title=\"logo-independent\" loading=\"lazy\" role=\"img\"\/><\/figure><\/div>\n\n\n\n<p class=\"has-text-align-center\">Cooperative independent L.<br>Via Laurin 2D<br>39012 Merano (BZ)<\/p>\n\n\n\n<p class=\"has-text-align-center\"><a href=\"http:\/\/www.independent.it\">www.independent.it www.independent.it<\/a><br><a href=\"mailto:info@independent.it\">info@independent.it<\/a><\/p>\n<\/div>\n\n\n\n<div class=\"wp-block-column is-layout-flow wp-block-column-is-layout-flow\" style=\"border-width:1px;padding-top:5px;padding-right:5px;padding-bottom:5px;padding-left:5px;flex-basis:66.66%\">\n<p>Independent L. is networking with regional, national and international partners in the field of accessibility and assistive technologies.<br>Since 2004 Independent L. has also been running the information portal on inclusive tourism and accessible mobility in South Tyrol &#8211; www.altoadigepertutti.it: The best practice project was co-financed with ESF start-up funds (OP 2000-2006), is under the patronage of ENIT (National Tourism Agency) Italy and became an App in 2013 thanks to a second ESF project SOUTH TYROL WELCOME.<br>In the area of accessible mobility, L. independent carries out technical surveys of architectural barriers in public buildings and on public and pedestrian areas on behalf of the public administration, drawing up professional adaptation plans and improvement proposals for the removal of architectural barriers (PEBA). In addition, the competence center provides advice on digital accessibility and has accompanied the development of the www.suedtirolmobil.info application in terms of ease of use and digital web accessibility for all. <br>Our designated project manager, who has already gained extensive experience in planning, implementing and documenting EU cross-border projects with the successfully completed projects mentioned above, will be involved in the PLACES project.<br>In addition, we will involve our multidisciplinary team of experts from the task force &#8220;South Tyrol for All &#8211; Webcenter &#8211; Barrier Abatement Advisory Service&#8221; in the project, with qualified experts with many years of experience in the fields of accessible tourism, digital accessibility, barrier removal, and inclusive communication.<br>In addition, as a job placement center, our evaluation team also includes several employees with different disabilities, who bring decisive added value to this project, especially in terms of expertise in evaluating architectural and digital accessibility. Through the planned project activities, we will also bring these skills to the other participating pilot sites as part of our cross-border cooperation in order to support architectural, digital and communication accessibility in all project activities. <\/p>\n<\/div>\n<\/div>\n\n\n\n<div class=\"wp-block-columns is-layout-flex wp-container-core-columns-is-layout-28f84493 wp-block-columns-is-layout-flex\">\n<div class=\"wp-block-column is-layout-flow wp-block-column-is-layout-flow\" style=\"flex-basis:33.33%\">\n<h2 class=\"wp-block-heading\">Partner PP2<\/h2>\n\n\n\n<div class=\"wp-block-uagb-image uagb-block-df390160 wp-block-uagb-image--layout-default wp-block-uagb-image--effect-static wp-block-uagb-image--align-none\"><figure class=\"wp-block-uagb-image__figure\"><img decoding=\"async\" srcset=\"https:\/\/places-interreg.eu\/wp-content\/uploads\/2025\/04\/tarvisio.png ,https:\/\/places-interreg.eu\/wp-content\/uploads\/2025\/04\/tarvisio.png 780w, https:\/\/places-interreg.eu\/wp-content\/uploads\/2025\/04\/tarvisio.png 360w\" sizes=\"auto, (max-width: 480px) 150px\" src=\"https:\/\/places-interreg.eu\/wp-content\/uploads\/2025\/04\/tarvisio.png\" alt=\"Logo del Tarvisiano\" class=\"uag-image-60\" width=\"497\" height=\"241\" title=\"logo-tarvisio\" loading=\"lazy\" role=\"img\"\/><\/figure><\/div>\n\n\n\n<p class=\"has-text-align-center\">Tourist Promotion Consortium<br>of Tarvisio, Sella Nevea and<br>passo Pramollo<br>Via Roma 14<br>33018 Tarvisio (UD)<\/p>\n\n\n\n<p class=\"has-text-align-center\"><a href=\"http:\/\/www.tarvisiano.org\">www.tarvisiano.org<\/a><\/p>\n<\/div>\n\n\n\n<div class=\"wp-block-column is-layout-flow wp-block-column-is-layout-flow\" style=\"border-width:1px;padding-top:5px;padding-right:5px;padding-bottom:5px;padding-left:5px;flex-basis:66.66%\">\n<p>The Tarvisio, Sella Nevea and Passo Pramollo Tourist Promotion Consortium has more than 30 years of experience in the implementation of tourism marketing projects, promotion and communication plans, advertising campaigns, marketing of the tourism product and organization of events.<br>Established in 1989 and operational since 1990, with the aim of promoting the area stretching from Chiusaforte to Tarvisio, today it can count on 2 municipal administrations, 49 private stakeholders and 5 associations or third sector entities, which make up the social base of the DMO. By way of example, we mention some of the activities carried out by the Consortium over the years: <\/p>\n\n\n\n<ul class=\"wp-block-list\">\n<li>1996-2021 prepared a marketing and communication, social and press office project for the Tarvisio area each year;<\/li>\n\n\n\n<li>2004-06 implemented 3 annual marketing plans and was responsible for the conception and positioning of the Italian product called Italy Golf&amp;More, with marketing plans, communications, and online and offline campaigns;<\/li>\n\n\n\n<li>2012-22 prepared marketing and communication plans for the international Alpe Adria Trail product;<\/li>\n\n\n\n<li>2000-22 was responsible for the design and content management, promotion, dissemination and marketing of the Holiday Card;<\/li>\n\n\n\n<li>2002-14 was in charge of marketing and communication plans for the integrated tourism product Playing Together with partners Region Carinthia and Slovenia;<\/li>\n\n\n\n<li>2015 implemented the Open Leader marketing and communication plan for the Gemona and Tarvisio area;<\/li>\n\n\n\n<li>2016 implemented the tourism development and marketing project &#8220;Antica Contea&#8221; for the Municipalities of Gorizia, Cormons and Gradisca D&#8217;Isonzo; 2018-20 supported the presentation of the Pisus project &#8220;Family Urban Facilities&#8221; Territorial Marketing for the Municipality of Tarvisio;2021 to date dealt with the territorial marketing plan for the Mountain Community of Gemona;<\/li>\n\n\n\n<li>2020-21 produced 3 marketing plans with media planning for the City of Tarvisio.<\/li>\n<\/ul>\n\n\n\n<p>Finally, as far as events are concerned, mention should be made of the national and international events organized: food and wine event format Ein Prosit, No Borders Music Festival; organization of sports events such as the 2 snowboarding world cups,1 Italian MTB championship, 3 Gran Premi Giovanissimi, as well as dozens of events such as rallies,congresses and conferences.<\/p>\n<\/div>\n<\/div>\n\n\n\n<div class=\"wp-block-columns is-layout-flex wp-container-core-columns-is-layout-28f84493 wp-block-columns-is-layout-flex\">\n<div class=\"wp-block-column is-layout-flow wp-block-column-is-layout-flow\" style=\"flex-basis:33.33%\">\n<h2 class=\"wp-block-heading\">PP3 Partners<\/h2>\n\n\n\n<div class=\"wp-block-uagb-image uagb-block-04e81651 wp-block-uagb-image--layout-default wp-block-uagb-image--effect-static wp-block-uagb-image--align-none\"><figure class=\"wp-block-uagb-image__figure\"><img decoding=\"async\" srcset=\"https:\/\/places-interreg.eu\/wp-content\/uploads\/2025\/04\/vicenza.png ,https:\/\/places-interreg.eu\/wp-content\/uploads\/2025\/04\/vicenza.png 780w, https:\/\/places-interreg.eu\/wp-content\/uploads\/2025\/04\/vicenza.png 360w\" sizes=\"auto, (max-width: 480px) 150px\" src=\"https:\/\/places-interreg.eu\/wp-content\/uploads\/2025\/04\/vicenza.png\" alt=\"Logo del Comune di Vicenza\" class=\"uag-image-61\" width=\"434\" height=\"249\" title=\"logo-vicenza\" loading=\"lazy\" role=\"img\"\/><\/figure><\/div>\n\n\n\n<p class=\"has-text-align-center\">City of Vicenza<br>Corso Palladio 98<br>36100 Vicenza (VI)<\/p>\n\n\n\n<p class=\"has-text-align-center\">www.comune.vicenza.it<\/p>\n<\/div>\n\n\n\n<div class=\"wp-block-column is-layout-flow wp-block-column-is-layout-flow\" style=\"border-width:1px;padding-top:5px;padding-right:5px;padding-bottom:5px;padding-left:5px;flex-basis:66.66%\">\n<p>Vicenza has been listed as a UNESCO World Heritage Site since 1994 and has been part of the Covenant of Mayors network since 2011 and the Mayors Adapt network since October 2014 (adoption of SECAP in 2021).<br>The Vicenza Naturalistic and Archaeological Museum is part of the Civic Museums of Vicenza, a citywide network of 4 museums and 3 monuments, all UNESCO sites.<br>The Vicenza Naturalistic and Archaeological Museum researches, preserves and promotes the naturalistic and archaeological heritage, particularly that of the region. The nature section illustrates the environment of the Berici Hills, the hilly area south of Vicenza (SCI area &#8211; Site of Community Interest, part of the Natura 2000 Network), with its minerals, fossils, animals and plants. The archaeology department displays artifacts from prehistory to the early Middle Ages, such as stone tools from the Paleolithic period, Neolithic pottery, votive slabs and inscriptions from the Veneto region of the Iron Age, Roman artifacts and rich Longobard artifacts.<br>In collaboration with universities, associations and cultural institutions, it conducts research on the collections and the area. It has a lively publishing activity and regularly publishes the scientific bulletin Natura Vicentina. It organizes educational activities for schools and citizens, with a focus on accessibility and inclusion.    <\/p>\n<\/div>\n<\/div>\n\n\n\n<div class=\"wp-block-columns is-layout-flex wp-container-core-columns-is-layout-28f84493 wp-block-columns-is-layout-flex\">\n<div class=\"wp-block-column is-layout-flow wp-block-column-is-layout-flow\" style=\"flex-basis:33.33%\">\n<h2 class=\"wp-block-heading\">Partner PP4<\/h2>\n\n\n\n<div class=\"wp-block-uagb-image aligncenter uagb-block-8a062ab8 wp-block-uagb-image--layout-default wp-block-uagb-image--effect-static wp-block-uagb-image--align-center\"><figure class=\"wp-block-uagb-image__figure\"><img decoding=\"async\" srcset=\"https:\/\/places-interreg.eu\/wp-content\/uploads\/2025\/04\/karnten.png ,https:\/\/places-interreg.eu\/wp-content\/uploads\/2025\/04\/karnten.png 780w, https:\/\/places-interreg.eu\/wp-content\/uploads\/2025\/04\/karnten.png 360w\" sizes=\"auto, (max-width: 480px) 150px\" src=\"https:\/\/places-interreg.eu\/wp-content\/uploads\/2025\/04\/karnten.png\" alt=\"Logo Karnten Museum\" class=\"uag-image-58\" width=\"179\" height=\"245\" title=\"logo-karnten\" loading=\"lazy\" role=\"img\"\/><\/figure><\/div>\n\n\n\n<p class=\"has-text-align-center\">Landesmuseum f\u00fcr K\u00e4rnten<br>Liberogasse 6<br>9020 Klagenfurt am W\u00f6rthersee<br>Austria<\/p>\n\n\n\n<p class=\"has-text-align-center\"><a href=\"https:\/\/landesmuseum.ktn.gv.at\">landesmuseum.ktn.gv.at<\/a><\/p>\n<\/div>\n\n\n\n<div class=\"wp-block-column is-layout-flow wp-block-column-is-layout-flow\" style=\"border-width:1px;padding-top:5px;padding-right:5px;padding-bottom:5px;padding-left:5px;flex-basis:66.66%\">\n<p>During the redesign of the k\u00e4rnten.museum, attention was paid to eliminating structural, economic, social, cultural, language, and content barriers. For k\u00e4rnten.museum, an unrestricted visit to the museum is essential for every guest. <br>To develop the k\u00e4rnten.museum step by step in the direction of an inclusive museum, skills were gradually acquired with the help of representatives of self-help organizations, through awareness training and additional relevant training (cultural mediators for people with dementia, simple versus easy language, basics of digital accessibility, museum and inclusion: structural barriers, etc.).<br>In addition, employees of the State Museum of Carinthia are involved in the INCLUSIA event, which aims to bring together people with disabilities and schoolchildren from Klagenfurt to form friendships.<br>The k\u00e4rnten.museum is an added value for the project and the partners involved, as it already has experience in structural and content accessibility and can be a point of contact in the planning phase, in the implementation of workshops or in day-to-day museum education for people with disabilities.<br>So far, no similar projects have been implemented by k\u00e4rnten.museum, which has no previous experience in managing co-funded projects.<\/p>\n<\/div>\n<\/div>\n\n\n\n<div class=\"wp-block-columns is-layout-flex wp-container-core-columns-is-layout-28f84493 wp-block-columns-is-layout-flex\">\n<div class=\"wp-block-column is-layout-flow wp-block-column-is-layout-flow\" style=\"flex-basis:33.33%\">\n<h2 class=\"wp-block-heading\">Partner PP5<\/h2>\n\n\n\n<div class=\"wp-block-uagb-image uagb-block-da0361fa wp-block-uagb-image--layout-default wp-block-uagb-image--effect-static wp-block-uagb-image--align-none\"><figure class=\"wp-block-uagb-image__figure\"><img decoding=\"async\" srcset=\"https:\/\/places-interreg.eu\/wp-content\/uploads\/2025\/04\/DT_ItsMyLife_CMYK.png ,https:\/\/places-interreg.eu\/wp-content\/uploads\/2025\/04\/DT_ItsMyLife_CMYK.png 780w, https:\/\/places-interreg.eu\/wp-content\/uploads\/2025\/04\/DT_ItsMyLife_CMYK.png 360w\" sizes=\"auto, (max-width: 480px) 150px\" src=\"https:\/\/places-interreg.eu\/wp-content\/uploads\/2025\/04\/DT_ItsMyLife_CMYK.png\" alt=\"Logo di Karnten\" class=\"uag-image-89\" width=\"514\" height=\"373\" title=\"DT_ItsMyLife_CMYK\" loading=\"lazy\" role=\"img\"\/><\/figure><\/div>\n\n\n\n<p class=\"has-text-align-center\">K\u00e4rnten Werbung<br>V\u00f6lkermarkterring 21-23<br>9020 Klagenfurt<br>Austria<\/p>\n\n\n\n<p class=\"has-text-align-center\"><a href=\"http:\/\/www.kaernten.at\">www.kaernten.at<\/a><\/p>\n<\/div>\n\n\n\n<div class=\"wp-block-column is-layout-flow wp-block-column-is-layout-flow\" style=\"border-width:1px;padding-top:5px;padding-right:5px;padding-bottom:5px;padding-left:5px;flex-basis:66.66%\">\n<p>As a partner of ARGE Naturerlebnis K\u00e4rnten, a unique association of protected areas and tourism regions, K\u00e4rnten Werbung has been active in the field of sustainable tourism for more than 10 years. Since 2019, a special focus has been on barrier-free tourism offerings.<br>In Carinthian resorts, adventure programs are offered that take people with and without disabilities to special places in the local nature.<br>The PLACES project manager at K\u00e4rnten Werbung will be Elke Maidic who has been engaged in the promotion of sustainable and cultural tourism for the enhancement of Carinthia since 2020 and, over the years, has developed expertise in the field of marketing accessible offerings and digitizing these offerings. <\/p>\n<\/div>\n<\/div>\n\n\n\n<p><\/p>\n","protected":false},"excerpt":{"rendered":"<p>LP project coordinator LA PICCIONAIA S.C.S.Piazza Insurrezione 28 Aprile 194535139 Padova (PD) www.piccionaia.it As part of its territorial cultural design [&hellip;]<\/p>\n","protected":false},"author":1,"featured_media":0,"parent":0,"menu_order":0,"comment_status":"closed","ping_status":"closed","template":"","meta":{"_uag_custom_page_level_css":"","site-sidebar-layout":"default","site-content-layout":"","ast-site-content-layout":"default","site-content-style":"default","site-sidebar-style":"default","ast-global-header-display":"","ast-banner-title-visibility":"","ast-main-header-display":"","ast-hfb-above-header-display":"","ast-hfb-below-header-display":"","ast-hfb-mobile-header-display":"","site-post-title":"","ast-breadcrumbs-content":"","ast-featured-img":"","footer-sml-layout":"","theme-transparent-header-meta":"","adv-header-id-meta":"","stick-header-meta":"","header-above-stick-meta":"","header-main-stick-meta":"","header-below-stick-meta":"","astra-migrate-meta-layouts":"default","ast-page-background-enabled":"default","ast-page-background-meta":{"desktop":{"background-color":"var(--ast-global-color-5)","background-image":"","background-repeat":"repeat","background-position":"center center","background-size":"auto","background-attachment":"scroll","background-type":"","background-media":"","overlay-type":"","overlay-color":"","overlay-opacity":"","overlay-gradient":""},"tablet":{"background-color":"","background-image":"","background-repeat":"repeat","background-position":"center center","background-size":"auto","background-attachment":"scroll","background-type":"","background-media":"","overlay-type":"","overlay-color":"","overlay-opacity":"","overlay-gradient":""},"mobile":{"background-color":"","background-image":"","background-repeat":"repeat","background-position":"center center","background-size":"auto","background-attachment":"scroll","background-type":"","background-media":"","overlay-type":"","overlay-color":"","overlay-opacity":"","overlay-gradient":""}},"ast-content-background-meta":{"desktop":{"background-color":"var(--ast-global-color-4)","background-image":"","background-repeat":"repeat","background-position":"center center","background-size":"auto","background-attachment":"scroll","background-type":"","background-media":"","overlay-type":"","overlay-color":"","overlay-opacity":"","overlay-gradient":""},"tablet":{"background-color":"var(--ast-global-color-4)","background-image":"","background-repeat":"repeat","background-position":"center center","background-size":"auto","background-attachment":"scroll","background-type":"","background-media":"","overlay-type":"","overlay-color":"","overlay-opacity":"","overlay-gradient":""},"mobile":{"background-color":"var(--ast-global-color-4)","background-image":"","background-repeat":"repeat","background-position":"center center","background-size":"auto","background-attachment":"scroll","background-type":"","background-media":"","overlay-type":"","overlay-color":"","overlay-opacity":"","overlay-gradient":""}},"footnotes":""},"class_list":["post-269","page","type-page","status-publish","hentry"],"uagb_featured_image_src":{"full":false,"thumbnail":false,"medium":false,"medium_large":false,"large":false,"1536x1536":false,"2048x2048":false},"uagb_author_info":{"display_name":"admin","author_link":false},"uagb_comment_info":0,"uagb_excerpt":"LP project coordinator LA PICCIONAIA S.C.S.Piazza Insurrezione 28 Aprile 194535139 Padova (PD) www.piccionaia.it As part of its territorial cultural design [&hellip;]","_links":{"self":[{"href":"https:\/\/places-interreg.eu\/index.php?rest_route=\/wp\/v2\/pages\/269","targetHints":{"allow":["GET"]}}],"collection":[{"href":"https:\/\/places-interreg.eu\/index.php?rest_route=\/wp\/v2\/pages"}],"about":[{"href":"https:\/\/places-interreg.eu\/index.php?rest_route=\/wp\/v2\/types\/page"}],"author":[{"embeddable":true,"href":"https:\/\/places-interreg.eu\/index.php?rest_route=\/wp\/v2\/users\/1"}],"replies":[{"embeddable":true,"href":"https:\/\/places-interreg.eu\/index.php?rest_route=%2Fwp%2Fv2%2Fcomments&post=269"}],"version-history":[{"count":4,"href":"https:\/\/places-interreg.eu\/index.php?rest_route=\/wp\/v2\/pages\/269\/revisions"}],"predecessor-version":[{"id":298,"href":"https:\/\/places-interreg.eu\/index.php?rest_route=\/wp\/v2\/pages\/269\/revisions\/298"}],"wp:attachment":[{"href":"https:\/\/places-interreg.eu\/index.php?rest_route=%2Fwp%2Fv2%2Fmedia&parent=269"}],"curies":[{"name":"wp","href":"https:\/\/api.w.org\/{rel}","templated":true}]}}