{"id":18,"date":"2025-04-02T09:44:40","date_gmt":"2025-04-02T09:44:40","guid":{"rendered":"https:\/\/places-interreg.eu\/?page_id=18"},"modified":"2025-06-13T10:43:19","modified_gmt":"2025-06-13T08:43:19","slug":"homepage","status":"publish","type":"page","link":"https:\/\/places-interreg.eu\/","title":{"rendered":"Homepage"},"content":{"rendered":"\n<div class=\"wp-block-columns alignfull is-layout-flex wp-container-core-columns-is-layout-28f84493 wp-block-columns-is-layout-flex\">\n<div class=\"wp-block-column is-layout-flow wp-block-column-is-layout-flow\">\n<\/div>\n<\/div>\n\n\n\n<h1 class=\"wp-block-heading alignwide\">PLACES &#8211; Promoting Landscape, Accessibility and Culture for Experiential and Sustainable Tourism | ITAT-46-019 | PC Interreg Italia-Austria 2021-2027<\/h1>\n\n\n\n<div class=\"wp-block-columns is-layout-flex wp-container-core-columns-is-layout-28f84493 wp-block-columns-is-layout-flex\">\n<div class=\"wp-block-column is-layout-flow wp-block-column-is-layout-flow\" style=\"flex-basis:33.33%\">\n<div class=\"wp-block-uagb-image uagb-block-f372ed16 wp-block-uagb-image--layout-default wp-block-uagb-image--effect-zoomin wp-block-uagb-image--align-none\"><figure class=\"wp-block-uagb-image__figure\"><a class=\"\" href=\"https:\/\/www.independent.it\/it\/PLACES\" target=\"\" rel=\"noopener\"><img decoding=\"async\" srcset=\"https:\/\/places-interreg.eu\/wp-content\/uploads\/2025\/04\/places-manifesto-724x1024.jpg ,https:\/\/places-interreg.eu\/wp-content\/uploads\/2025\/04\/places-manifesto.jpg 780w, https:\/\/places-interreg.eu\/wp-content\/uploads\/2025\/04\/places-manifesto.jpg 360w\" sizes=\"auto, (max-width: 480px) 150px\" src=\"https:\/\/places-interreg.eu\/wp-content\/uploads\/2025\/04\/places-manifesto-724x1024.jpg\" alt=\"Manifesto progetto\" class=\"uag-image-38\" width=\"724\" height=\"1024\" title=\"places-manifesto\" loading=\"lazy\" role=\"img\"\/><\/a><\/figure><\/div>\n<\/div>\n\n\n\n<div class=\"wp-block-column is-layout-flow wp-block-column-is-layout-flow\" style=\"flex-basis:66.66%\">\n<h2 class=\"wp-block-heading\">Descrizione del progetto<\/h2>\n\n\n\n<p>Il progetto promuove la cultura dell\u2019accessibilit\u00e0 tra gli operatori turistici, museali e culturali nell\u2019area transfrontaliera, nonch\u00e9 l\u2019accessibilit\u00e0, l\u2019inclusivit\u00e0, la digitalizzazione e il carattere esperienziale dell\u2019offerta turistica, per aumentarne la fruibilit\u00e0 e la godibilit\u00e0 da parte di tutti.<\/p>\n\n\n\n<p>PLACES interviene direttamente in 4 siti pilota a Vicenza, Klagenfurt, Fortezza (BZ), Tarvisio (UD), caratterizzati dalla presenza di musei e da aspetti paesaggistici e culturali significativi. Qui realizza nuovi contenuti e servizi (contenuti multimediali, digitali e interattivi, percorsi tematici museali e nei territori, soluzioni per la visita autonoma delle persone disabili, tour virtuali con mappatura dei Points of Interest accessibili, strumenti di comunicazione inclusiva) tramite l\u2019impiego delle nuove tecnologie e dei linguaggi artistici, e con il coinvolgimento delle comunit\u00e0 locali per una narrazione autentica dei luoghi e la loro partecipazione attiva alla valorizzazione del patrimonio culturale e naturale come bene comune.<\/p>\n\n\n\n<p>I siti pilota saranno infine connessi nel circuito museale di PLACES (ampliabile ad altre strutture dopo la fine del progetto) che consentir\u00e0 la visita da remoto e l\u2019accesso a contenuti speciali, per la promozione transfrontaliera del turismo sostenibile e accessibile.<\/p>\n<\/div>\n<\/div>\n\n\n\n<div class=\"wp-block-columns is-layout-flex wp-container-core-columns-is-layout-ec2e7a44 wp-block-columns-is-layout-flex\" style=\"padding-top:0;padding-bottom:0\">\n<div class=\"wp-block-column is-layout-flow wp-block-column-is-layout-flow\">\n<h2 class=\"wp-block-heading\">Obiettivo generale<\/h2>\n\n\n\n<p>PLACES si propone di contribuire al rafforzamento della cooperazione transfrontaliera tra le regioni coinvolte attraverso la valorizzazione e promozione del loro patrimonio culturale e naturale. Il progetto si fonda su 4 pilastri: innovazione tecnologica, accessibilit\u00e0 (motoria, cognitiva, sensoriale, digitale), inclusione, cultura in ottica partecipativa.<\/p>\n\n\n\n<p>PLACES promuove il paesaggio, la cultura e i valori dell\u2019accessibilit\u00e0 e dell\u2019inclusione per lo sviluppo di un turismo sostenibile e orientato all\u2019esperienza, capace di avere un impatto positivo non solo su turisti e visitatori, ma anche sui territori e sulle comunit\u00e0 locali.<\/p>\n\n\n\n<p>Grazie a metodologie di co-progettazione, sviluppo e innovazione, PLACES punta a migliorare l\u2019offerta turistica delle aree coinvolte con proposte innovative, esperienziali e inclusive, sviluppate con il coinvolgimento attivo delle comunit\u00e0 locali per una narrazione autentica dei luoghi e della loro storia, nel rispetto dell\u2019ambiente e delle persone. Adottando il paradigma del design for all, il progetto rappresenta un punto di riferimento per la progettazione inclusiva, realizzando prodotti e servizi per il turismo accessibili a tutti, incluse le persone con esigenze e bisogni specifici.<\/p>\n\n\n\n<p>PLACES si propone di consolidare la collaborazione transfrontaliera attraverso lo sviluppo congiunto e coordinato di un modello di turismo culturale e sostenibile: da un lato favorendo la destagionalizzazione dell\u2019offerta turistica, aumentando l\u2019attrattivit\u00e0 delle aree coinvolte durante la bassa stagione; dall\u2019altro, valorizzando siti o aspetti territoriali inusuali e meno noti, favorendo in questi l\u2019aumento del numero di visitatori e turisti.<\/p>\n\n\n\n<p>PLACES svilupper\u00e0 una serie di interventi, diversificati ma coordinati, in 4 siti pilota in 4 regioni:<\/p>\n\n\n\n<ul class=\"wp-block-list\">\n<li>Museo Naturalistico e Archeologico di Vicenza (Veneto);<\/li>\n\n\n\n<li>Forte di Fortezza (Alto-Adige);<\/li>\n\n\n\n<li>Cave del Predil a Tarvisio (Friuli-Venezia Giulia);<\/li>\n\n\n\n<li>K\u00e4rnten Museum a Klagenfurt (Carinzia).<\/li>\n<\/ul>\n\n\n\n<p>Da un lato, il progetto mira a realizzare alcuni miglioramenti strutturali nei siti pilota, per rendere la loro fruizione pi\u00f9 facile e piacevole per tutti, e ad arricchire l\u2019offerta museale e territoriale attraverso elementi interattivi d esperienziali; dall\u2019altro, grazie all\u2019uso di tecnologie accessibili e inclusive, la digitalizzazione di contenuti museali e culturali e la realizzazione di un circuito museale digitale, promuove la digitalizzazione inclusiva e coordinata dell\u2019offerta turistica delle regioni partecipanti.<\/p>\n\n\n\n<h2 class=\"wp-block-heading\">Risultati attesi<\/h2>\n\n\n\n<p><strong>RCO84 &#8211; Azioni pilota sviluppate congiuntamente e attuate nell\u2019ambito di progetti<\/strong><br>Il consorzio sviluppa, attua e completa nell&#8217;ambito del progetto 2 azioni pilota che coinvolgono almeno due Paesi partecipanti nella loro attuazione. In particolare:<\/p>\n\n\n\n<ol class=\"wp-block-list\">\n<li>Intervento pilota nel sito pilota Klagenfurt (Museo della Carinzia e relativo territorio) con la cooperazione in particolare dei partner italiani La Piccionaia e independent L. con i partner austriaci Landesmuseum f\u00fcr K\u00e4rnten e K\u00e4rnten Werbung per l&#8217;accessibilit\u00e0 digitale (WP3), il coinvolgimento della comunit\u00e0 locale in percorsi partecipativi per la narrazione autentica dei luoghi (WP3), la creazione di nuovi contenuti digitali (es. tour VR, WP3) e prodotti esperienziali per la fruizione del museo e del territorio (es. nuovi itinerari esperienziali nel museo e nel territorio, WP2), la coprogettazione dell&#8217;evento di inaugurazione del sito pilota in Carinzia (WP4)<\/li>\n\n\n\n<li>Creazione del circuito museale PLACES (piattaforma online per la presentazione dei musei e della loro offerta, per la visita de remoto e per la fruizione di diversi tipi di contenuti), che vede la cooperazione di tutti i partner e in particolare di independent L., Consorzio Turistico del Tarvisiano, di Sella Nevea e del passo Pramollo, del Landesmuseum f\u00fcr K\u00e4rnten e della K\u00e4rnten Werbung (WP4).<\/li>\n<\/ol>\n\n\n\n<p><strong>RCO87 &#8211; Organizzazioni che cooperano a livello transfrontaliero<\/strong><br>Le organizzazioni che cooperano a livello transfrontaliero all&#8217;interno del progetto sono 8, situate in 4 regioni tra Italia e Austria.<\/p>\n\n\n\n<p><strong>Partner di progetto:<\/strong><\/p>\n\n\n\n<ul class=\"wp-block-list\">\n<li>La Piccionaia S.C.S.<\/li>\n\n\n\n<li>Cooperativa sociale independent L. Onlus soc. coop.<\/li>\n\n\n\n<li>Consorzio di Promozione Turistica del Tarvisiano, di Sella Nevea e di passo Pramollo<\/li>\n\n\n\n<li>Comune di Vicenza<\/li>\n\n\n\n<li>Landesmuseum f\u00fcr K\u00e4rnten<\/li>\n\n\n\n<li>K\u00e4rnten Werbung<\/li>\n<\/ul>\n\n\n\n<p><strong>Partner associati:<\/strong><\/p>\n\n\n\n<ul class=\"wp-block-list\">\n<li>Consigliera di parit\u00e0 della Provincia Autonoma di Bolzano \u2013 Alto Adige<\/li>\n\n\n\n<li>Comune di Tarvisio<\/li>\n<\/ul>\n\n\n\n<p><strong>Data inizio previsto: 01\/01\/2025<br>Data fine prevista: 01\/01\/2027<br>Costi totali: 963.013,75 \u20ac<br>Fondi UE (FESR): 721.976,28 \u20ac<br>Contributo nazionale: 165.827,16 \u20ac<br>Risorse proprie: 75.210,31 \u20ac<\/strong><\/p>\n\n\n\n<p><em><strong>Finanziato dall&#8217;Unione Europea<br><\/strong>ITAT-46-019 | PLACES \u00e8 finanziato dal Fondo Europeo di Sviluppo Regionale e Interreg Italia-Austria VI-A 2021-2027 | Obiettivo strategico OS 4 &#8211; Un\u2019Europa pi\u00f9 sociale e inclusiva attraverso l\u2019attuazione del pilastro europeo dei diritti sociali | Priorit\u00e0 3 &#8211; Turismo sostenibile e culturale | Obiettivo specifico RSO4.6 &#8211; Rafforzare il ruolo della cultura e del turismo sostenibile nello sviluppo economico, nell\u2019inclusione sociale e nell\u2019innovazione sociale | Tipologia di azione 3. Sviluppo, adozione e trasferimento di tecnologie, di know-how e di buone pratiche | Ambito di intervento prioritario 29 &#8211; Sviluppo di prodotti\/servizi di turismo sostenibile il pi\u00f9 possibile accessibili a livello transfrontaliero.<\/em><\/p>\n<\/div>\n<\/div>\n\n\n\n<div class=\"wp-block-uagb-container uagb-block-ed7401bf alignfull uagb-is-root-container\"><div class=\"uagb-container-inner-blocks-wrap\">\n<div class=\"wp-block-uagb-container uagb-block-9e815576\">\n<div class=\"wp-block-uagb-image uagb-block-ca18c78e wp-block-uagb-image--layout-default wp-block-uagb-image--effect-static wp-block-uagb-image--align-none\"><figure class=\"wp-block-uagb-image__figure\"><a class=\"\" href=\"https:\/\/www.piccionaia.org\/\" target=\"\" rel=\"noopener\"><img decoding=\"async\" srcset=\"https:\/\/places-interreg.eu\/wp-content\/uploads\/2025\/04\/piccionaia.png ,https:\/\/places-interreg.eu\/wp-content\/uploads\/2025\/04\/piccionaia.png 780w, https:\/\/places-interreg.eu\/wp-content\/uploads\/2025\/04\/piccionaia.png 360w\" sizes=\"auto, (max-width: 480px) 150px\" src=\"https:\/\/places-interreg.eu\/wp-content\/uploads\/2025\/04\/piccionaia.png\" alt=\"Logo de La Piccionaia\" class=\"uag-image-59\" width=\"240\" height=\"70\" title=\"logo-piccionaia\" loading=\"lazy\" role=\"img\"\/><\/a><\/figure><\/div>\n<\/div>\n\n\n\n<div class=\"wp-block-uagb-container uagb-block-07ab40be\">\n<div class=\"wp-block-uagb-image uagb-block-25c8f1a7 wp-block-uagb-image--layout-default wp-block-uagb-image--effect-static wp-block-uagb-image--align-none\"><figure class=\"wp-block-uagb-image__figure\"><a class=\"\" href=\"https:\/\/www.independent.it\" target=\"\" rel=\"noopener\"><img decoding=\"async\" srcset=\"https:\/\/places-interreg.eu\/wp-content\/uploads\/2025\/04\/indep.png ,https:\/\/places-interreg.eu\/wp-content\/uploads\/2025\/04\/indep.png 780w, https:\/\/places-interreg.eu\/wp-content\/uploads\/2025\/04\/indep.png 360w\" sizes=\"auto, (max-width: 480px) 150px\" src=\"https:\/\/places-interreg.eu\/wp-content\/uploads\/2025\/04\/indep.png\" alt=\"L\u00a7go della Cooperativa sociale independent L.\" class=\"uag-image-57\" width=\"195\" height=\"70\" title=\"logo-independent\" loading=\"lazy\" role=\"img\"\/><\/a><\/figure><\/div>\n<\/div>\n\n\n\n<div class=\"wp-block-uagb-container uagb-block-1ebe15b2\">\n<div class=\"wp-block-uagb-image uagb-block-6eae6d22 wp-block-uagb-image--layout-default wp-block-uagb-image--effect-static wp-block-uagb-image--align-none\"><figure class=\"wp-block-uagb-image__figure\"><a class=\"\" href=\"https:\/\/www.tarvisiano.org\" target=\"\" rel=\"noopener\"><img decoding=\"async\" srcset=\"https:\/\/places-interreg.eu\/wp-content\/uploads\/2025\/04\/tarvisio.png ,https:\/\/places-interreg.eu\/wp-content\/uploads\/2025\/04\/tarvisio.png 780w, https:\/\/places-interreg.eu\/wp-content\/uploads\/2025\/04\/tarvisio.png 360w\" sizes=\"auto, (max-width: 480px) 150px\" src=\"https:\/\/places-interreg.eu\/wp-content\/uploads\/2025\/04\/tarvisio.png\" alt=\"Logo del Tarvisiano\" class=\"uag-image-60\" width=\"144\" height=\"70\" title=\"logo-tarvisio\" loading=\"lazy\" role=\"img\"\/><\/a><\/figure><\/div>\n<\/div>\n\n\n\n<div class=\"wp-block-uagb-container uagb-block-19555c96\">\n<div class=\"wp-block-uagb-image uagb-block-e76b3acb wp-block-uagb-image--layout-default wp-block-uagb-image--effect-static wp-block-uagb-image--align-none\"><figure class=\"wp-block-uagb-image__figure\"><a class=\"\" href=\"https:\/\/www.comune.vicenza.it\" target=\"\" rel=\"noopener\"><img decoding=\"async\" srcset=\"https:\/\/places-interreg.eu\/wp-content\/uploads\/2025\/04\/vicenza.png ,https:\/\/places-interreg.eu\/wp-content\/uploads\/2025\/04\/vicenza.png 780w, https:\/\/places-interreg.eu\/wp-content\/uploads\/2025\/04\/vicenza.png 360w\" sizes=\"auto, (max-width: 480px) 150px\" src=\"https:\/\/places-interreg.eu\/wp-content\/uploads\/2025\/04\/vicenza.png\" alt=\"Logo del Comune di Vicenza\" class=\"uag-image-61\" width=\"122\" height=\"70\" title=\"logo-vicenza\" loading=\"lazy\" role=\"img\"\/><\/a><\/figure><\/div>\n<\/div>\n\n\n\n<div class=\"wp-block-uagb-container uagb-block-80943c42\">\n<div class=\"wp-block-uagb-image uagb-block-af27d07d wp-block-uagb-image--layout-default wp-block-uagb-image--effect-static wp-block-uagb-image--align-none\"><figure class=\"wp-block-uagb-image__figure\"><a class=\"\" href=\"https:\/\/landesmuseum.ktn.gv.at\" target=\"\" rel=\"noopener\"><img decoding=\"async\" srcset=\"https:\/\/places-interreg.eu\/wp-content\/uploads\/2025\/04\/karnten.png ,https:\/\/places-interreg.eu\/wp-content\/uploads\/2025\/04\/karnten.png 780w, https:\/\/places-interreg.eu\/wp-content\/uploads\/2025\/04\/karnten.png 360w\" sizes=\"auto, (max-width: 480px) 150px\" src=\"https:\/\/places-interreg.eu\/wp-content\/uploads\/2025\/04\/karnten.png\" alt=\"Logo Karnten Museum\" class=\"uag-image-58\" width=\"73\" height=\"100\" title=\"logo-karnten\" loading=\"lazy\" role=\"img\"\/><\/a><\/figure><\/div>\n<\/div>\n\n\n\n<div class=\"wp-block-uagb-container uagb-block-1e95a5a6\">\n<div class=\"wp-block-uagb-image uagb-block-aa084d8a wp-block-uagb-image--layout-default wp-block-uagb-image--effect-static wp-block-uagb-image--align-none\"><figure class=\"wp-block-uagb-image__figure\"><a class=\"\" href=\"https:\/\/www.kaernten.at\" target=\"\" rel=\"noopener\"><img decoding=\"async\" srcset=\"https:\/\/places-interreg.eu\/wp-content\/uploads\/2025\/04\/DT_ItsMyLife_CMYK.png ,https:\/\/places-interreg.eu\/wp-content\/uploads\/2025\/04\/DT_ItsMyLife_CMYK.png 780w, https:\/\/places-interreg.eu\/wp-content\/uploads\/2025\/04\/DT_ItsMyLife_CMYK.png 360w\" sizes=\"auto, (max-width: 480px) 150px\" src=\"https:\/\/places-interreg.eu\/wp-content\/uploads\/2025\/04\/DT_ItsMyLife_CMYK.png\" alt=\"\" class=\"uag-image-89\" width=\"96\" height=\"70\" title=\"DT_ItsMyLife_CMYK\" loading=\"lazy\" role=\"img\"\/><\/a><\/figure><\/div>\n<\/div>\n<\/div><\/div>\n\n\n\n<div class=\"wp-block-columns is-layout-flex wp-container-core-columns-is-layout-28f84493 wp-block-columns-is-layout-flex\">\n<div class=\"wp-block-column is-layout-flow wp-block-column-is-layout-flow\">\n<div class=\"wp-block-uagb-image aligncenter uagb-block-6fc7fd3e wp-block-uagb-image--layout-default wp-block-uagb-image--effect-static wp-block-uagb-image--align-center\"><figure class=\"wp-block-uagb-image__figure\"><img decoding=\"async\" srcset=\"https:\/\/places-interreg.eu\/wp-content\/uploads\/2025\/04\/logo-interreg-places-1024x116.png ,https:\/\/places-interreg.eu\/wp-content\/uploads\/2025\/04\/logo-interreg-places.png 780w, https:\/\/places-interreg.eu\/wp-content\/uploads\/2025\/04\/logo-interreg-places.png 360w\" sizes=\"auto, (max-width: 480px) 150px\" src=\"https:\/\/places-interreg.eu\/wp-content\/uploads\/2025\/04\/logo-interreg-places-1024x116.png\" alt=\"Logo interreg - PLACES\" class=\"uag-image-51\" width=\"1741\" height=\"198\" title=\"logo-interreg-places\" loading=\"lazy\" role=\"img\"\/><\/figure><\/div>\n<\/div>\n<\/div>\n","protected":false},"excerpt":{"rendered":"<p>PLACES &#8211; Promoting Landscape, Accessibility and Culture for Experiential and Sustainable Tourism | ITAT-46-019 | PC Interreg Italia-Austria 2021-2027 Descrizione [&hellip;]<\/p>\n","protected":false},"author":1,"featured_media":0,"parent":0,"menu_order":0,"comment_status":"closed","ping_status":"closed","template":"","meta":{"_uag_custom_page_level_css":"","site-sidebar-layout":"default","site-content-layout":"","ast-site-content-layout":"","site-content-style":"default","site-sidebar-style":"default","ast-global-header-display":"","ast-banner-title-visibility":"","ast-main-header-display":"","ast-hfb-above-header-display":"","ast-hfb-below-header-display":"","ast-hfb-mobile-header-display":"","site-post-title":"disabled","ast-breadcrumbs-content":"","ast-featured-img":"","footer-sml-layout":"","theme-transparent-header-meta":"","adv-header-id-meta":"","stick-header-meta":"","header-above-stick-meta":"","header-main-stick-meta":"","header-below-stick-meta":"","astra-migrate-meta-layouts":"default","ast-page-background-enabled":"default","ast-page-background-meta":{"desktop":{"background-color":"var(--ast-global-color-5)","background-image":"","background-repeat":"repeat","background-position":"center center","background-size":"auto","background-attachment":"scroll","background-type":"","background-media":"","overlay-type":"","overlay-color":"","overlay-opacity":"","overlay-gradient":""},"tablet":{"background-color":"","background-image":"","background-repeat":"repeat","background-position":"center center","background-size":"auto","background-attachment":"scroll","background-type":"","background-media":"","overlay-type":"","overlay-color":"","overlay-opacity":"","overlay-gradient":""},"mobile":{"background-color":"","background-image":"","background-repeat":"repeat","background-position":"center center","background-size":"auto","background-attachment":"scroll","background-type":"","background-media":"","overlay-type":"","overlay-color":"","overlay-opacity":"","overlay-gradient":""}},"ast-content-background-meta":{"desktop":{"background-color":"var(--ast-global-color-4)","background-image":"","background-repeat":"repeat","background-position":"center center","background-size":"auto","background-attachment":"scroll","background-type":"","background-media":"","overlay-type":"","overlay-color":"","overlay-opacity":"","overlay-gradient":""},"tablet":{"background-color":"var(--ast-global-color-4)","background-image":"","background-repeat":"repeat","background-position":"center center","background-size":"auto","background-attachment":"scroll","background-type":"","background-media":"","overlay-type":"","overlay-color":"","overlay-opacity":"","overlay-gradient":""},"mobile":{"background-color":"var(--ast-global-color-4)","background-image":"","background-repeat":"repeat","background-position":"center center","background-size":"auto","background-attachment":"scroll","background-type":"","background-media":"","overlay-type":"","overlay-color":"","overlay-opacity":"","overlay-gradient":""}},"footnotes":""},"class_list":["post-18","page","type-page","status-publish","hentry"],"uagb_featured_image_src":{"full":false,"thumbnail":false,"medium":false,"medium_large":false,"large":false,"1536x1536":false,"2048x2048":false},"uagb_author_info":{"display_name":"admin","author_link":false},"uagb_comment_info":0,"uagb_excerpt":"PLACES &#8211; Promoting Landscape, Accessibility and Culture for Experiential and Sustainable Tourism | ITAT-46-019 | PC Interreg Italia-Austria 2021-2027 Descrizione [&hellip;]","_links":{"self":[{"href":"https:\/\/places-interreg.eu\/index.php?rest_route=\/wp\/v2\/pages\/18","targetHints":{"allow":["GET"]}}],"collection":[{"href":"https:\/\/places-interreg.eu\/index.php?rest_route=\/wp\/v2\/pages"}],"about":[{"href":"https:\/\/places-interreg.eu\/index.php?rest_route=\/wp\/v2\/types\/page"}],"author":[{"embeddable":true,"href":"https:\/\/places-interreg.eu\/index.php?rest_route=\/wp\/v2\/users\/1"}],"replies":[{"embeddable":true,"href":"https:\/\/places-interreg.eu\/index.php?rest_route=%2Fwp%2Fv2%2Fcomments&post=18"}],"version-history":[{"count":47,"href":"https:\/\/places-interreg.eu\/index.php?rest_route=\/wp\/v2\/pages\/18\/revisions"}],"predecessor-version":[{"id":355,"href":"https:\/\/places-interreg.eu\/index.php?rest_route=\/wp\/v2\/pages\/18\/revisions\/355"}],"wp:attachment":[{"href":"https:\/\/places-interreg.eu\/index.php?rest_route=%2Fwp%2Fv2%2Fmedia&parent=18"}],"curies":[{"name":"wp","href":"https:\/\/api.w.org\/{rel}","templated":true}]}}