{"id":112,"date":"2025-04-03T08:11:12","date_gmt":"2025-04-03T06:11:12","guid":{"rendered":"https:\/\/places-interreg.eu\/?page_id=112"},"modified":"2025-04-08T08:31:14","modified_gmt":"2025-04-08T08:31:14","slug":"partner","status":"publish","type":"page","link":"https:\/\/places-interreg.eu\/?page_id=112&lang=de","title":{"rendered":"Partnership"},"content":{"rendered":"\n<div class=\"wp-block-columns is-layout-flex wp-container-core-columns-is-layout-28f84493 wp-block-columns-is-layout-flex\">\n<div class=\"wp-block-column is-layout-flow wp-block-column-is-layout-flow\" style=\"flex-basis:33.33%\">\n<h2 class=\"wp-block-heading\">Projekt-Koordinator LP<\/h2>\n\n\n\n<div class=\"wp-block-uagb-image uagb-block-9daa3c11 wp-block-uagb-image--layout-default wp-block-uagb-image--effect-static wp-block-uagb-image--align-none\"><figure class=\"wp-block-uagb-image__figure\"><img decoding=\"async\" srcset=\"https:\/\/places-interreg.eu\/wp-content\/uploads\/2025\/04\/piccionaia.png ,https:\/\/places-interreg.eu\/wp-content\/uploads\/2025\/04\/piccionaia.png 780w, https:\/\/places-interreg.eu\/wp-content\/uploads\/2025\/04\/piccionaia.png 360w\" sizes=\"auto, (max-width: 480px) 150px\" src=\"https:\/\/places-interreg.eu\/wp-content\/uploads\/2025\/04\/piccionaia.png\" alt=\"Logo von La Piccionaia\" class=\"uag-image-59\" width=\"700\" height=\"204\" title=\"Logo-Taschenbuch\" loading=\"lazy\" role=\"img\"><\/figure><\/div>\n\n\n\n<p class=\"has-text-align-center\">LA PICCIONAIA S.C.S.<br\/>Piazza Insurrezione 28 Aprile 1945<br\/>35139 Padova (PD)<\/p>\n\n\n\n<p class=\"has-text-align-center\"><a href=\"http:\/\/www.piccionaia.it\">www.piccionaia.it<\/a><\/p>\n<\/div>\n\n\n\n<div class=\"wp-block-column is-layout-flow wp-block-column-is-layout-flow\" style=\"flex-basis:66.66%\">\n<p style=\"border-width:1px;padding-top:5px;padding-right:5px;padding-bottom:5px;padding-left:5px\">La Piccionaia engagiert sich im Rahmen seiner territorialen Kulturdesign-Aktivit\u00e4ten f\u00fcr die territoriale und gemeinschaftliche Entwicklung mit den Mitteln des Theaters und der darstellenden K\u00fcnste, der Erforschung und Erprobung neuer Sprachen und Technologien in Verbindung mit innovativen Produktions- und Umsetzungsmodi f\u00fcr die aktive Beteiligung von Einzelpersonen, Gruppen und Gemeinschaften, die an der Mitgestaltung und Mitkreation von territorialen Themen oder kollektiven sozialen Interessen beteiligt sind. La Piccionaia entwickelt und implementiert diese Art von partizipativ-kreativen Instrumenten insbesondere im Projektbereich auf lokaler, nationaler und europ\u00e4ischer Ebene, um Ziele wie Umwelterziehung, Gemeinschaftsentwicklung, soziale Eingliederung und territoriale Aufwertung zu erreichen. Ein Beispiel ist die Entwicklung eines kreativen Instruments namens \u201eSilent Play\u201c, ein Projekt zur Dramaturgie von Orten f\u00fcr die Schaffung multimedialer, immersiver und relationaler Klangrouten, das auf lokaler, nationaler und europ\u00e4ischer Ebene angewendet wurde. <br\/>Es handelt sich um ein Projekt, das in den Gemeinden das Bewusstsein f\u00fcr ihr eigenes kulturelles und landschaftliches Erbe in einer Beziehung der Wiederaneignung und Pflege f\u00f6rdert und das einerseits der Gemeinde selbst die M\u00f6glichkeit gibt, ihr Territorium mit neuen Augen zu sehen, und andererseits den Besuchern davon erz\u00e4hlt und sie zu Protagonisten einer einzigartigen Erfahrung macht.<br\/>Unter den realisierten Silent Plays: \u201ePalladio zwischen den Zeilen\u201c (f\u00fcr die Gemeinde Vicenza); \u201eStummes Spiel f\u00fcr Dante\u201c (f\u00fcr die Gemeinde Ravenna); \u201eDie Geheimnisse von Lagole\u201c; \u201eDer letzte Basalisch\u201c (f\u00fcr das digitale Dolomitenmuseum Dolom.it).<br\/>La Piccionaia wird zu dem Projekt unter dem Gesichtspunkt beitragen, den Zugang von Kindern und Familien zum kulturellen Erbe und zu Museen zu f\u00f6rdern, indem sie gemeinsam mit den Partnern Aktivit\u00e4ten und Produkte entwickelt, die die J\u00fcngsten einbeziehen und den Spa\u00df zwischen den Generationen f\u00f6rdern.<br\/>Schlie\u00dflich verf\u00fcgt La Piccionaia \u00fcber gro\u00dfe Erfahrung in der Organisation von Veranstaltungen, Theaterprogrammen und Festivals und wird daher zum Projekt mit seinen organisatorischen Kapazit\u00e4ten f\u00fcr die Durchf\u00fchrung von Workshop-Aktivit\u00e4ten und \u00f6ffentlichen Veranstaltungen zur Sichtbarkeit des Projekts und zur Verbreitung seiner Ergebnisse beitragen, insbesondere derjenigen, die an den Pilotstandorten stattfinden werden.<\/p>\n<\/div>\n<\/div>\n\n<div class=\"wp-block-columns is-layout-flex wp-container-core-columns-is-layout-28f84493 wp-block-columns-is-layout-flex\">\n<div class=\"wp-block-column is-layout-flow wp-block-column-is-layout-flow\" style=\"flex-basis:33.33%\">\n<h2 class=\"wp-block-heading\">Partner PP1<\/h2>\n\n\n\n<div class=\"wp-block-uagb-image uagb-block-903e09dc wp-block-uagb-image--layout-default wp-block-uagb-image--effect-static wp-block-uagb-image--align-none\"><figure class=\"wp-block-uagb-image__figure\"><img decoding=\"async\" srcset=\"https:\/\/places-interreg.eu\/wp-content\/uploads\/2025\/04\/indep.png ,https:\/\/places-interreg.eu\/wp-content\/uploads\/2025\/04\/indep.png 780w, https:\/\/places-interreg.eu\/wp-content\/uploads\/2025\/04\/indep.png 360w\" sizes=\"auto, (max-width: 480px) 150px\" src=\"https:\/\/places-interreg.eu\/wp-content\/uploads\/2025\/04\/indep.png\" alt=\"Logo der Sozialgenossenschaft independent L.\" class=\"uag-image-57\" width=\"698\" height=\"251\" title=\"logo-independent\" loading=\"lazy\" role=\"img\"><\/figure><\/div>\n\n\n\n<p class=\"has-text-align-center\">Soziale Genossenschaft independent L.<br\/>Laurinstra\u00dfe 2D<br\/>39012 Meran (BZ)<\/p>\n\n\n\n<p class=\"has-text-align-center\"><a href=\"http:\/\/www.independent.it\">www.independent.it<br\/><\/a><a href=\"mailto:info@independent.it\">info@independent.it<\/a><\/p>\n<\/div>\n\n\n\n<div class=\"wp-block-column is-layout-flow wp-block-column-is-layout-flow\" style=\"border-width:1px;padding-top:5px;padding-right:5px;padding-bottom:5px;padding-left:5px;flex-basis:66.66%\">\n<p>Independent L. vernetzt sich mit regionalen, nationalen und internationalen Partnern im Bereich der Barrierefreiheit und der unterst\u00fctzenden Technologien.<br\/>Seit 2004 betreibt L. indipendente auch das Informationsportal f\u00fcr inklusiven Tourismus und barrierefreie Mobilit\u00e4t in S\u00fcdtirol &#8211; www.altoadigepertutti.it: Das Best-Practice-Projekt wurde mit ESF-Startkapital (OP 2000-2006) kofinanziert, steht unter der Schirmherrschaft von ENIT (Nationale Agentur f\u00fcr Tourismus) Italien und wurde 2013 dank eines zweiten ESF-Projekts SOUTH TYROL WELCOME zu einer App.<br\/>Im Bereich der barrierefreien Mobilit\u00e4t f\u00fchrt independent L. im Auftrag der \u00f6ffentlichen Verwaltung technische Erhebungen zu architektonischen Barrieren in \u00f6ffentlichen Geb\u00e4uden und \u00f6ffentlichen und Fu\u00dfg\u00e4ngerbereichen durch und erarbeitet professionelle Anpassungspl\u00e4ne und Verbesserungsvorschl\u00e4ge zur Beseitigung architektonischer Barrieren (PEBA).<br\/>Dar\u00fcber hinaus ber\u00e4t das Kompetenzzentrum zur digitalen Barrierefreiheit und begleitete die Entwicklung der Anwendung www.suedtirolmobil.info im Hinblick auf Benutzerfreundlichkeit und digitale Barrierefreiheit f\u00fcr alle. <br\/>In das PLACES-Projekt wird unser designierter Projektmanager eingebunden, der bereits mit den oben genannten erfolgreich abgeschlossenen Projekten umfangreiche Erfahrungen in der Planung, Durchf\u00fchrung und Dokumentation von grenz\u00fcberschreitenden EU-Projekten gesammelt hat.<br\/>Dar\u00fcber hinaus werden wir unser multidisziplin\u00e4res Expertenteam der Beratungsstelle \u201eS\u00fcdtirol f\u00fcr Alle &#8211; Webcenter &#8211; Barrierefreiheit\u201c mit qualifizierten Fachleuten mit langj\u00e4hriger Erfahrung in den Bereichen barrierefreier Tourismus, digitale Zug\u00e4nglichkeit, Barrierefreiheit und inklusive Kommunikation in das Projekt einbinden.<br\/>Als Arbeitsvermittlungsstelle geh\u00f6ren zu unserem Bewertungsteam auch mehrere Mitarbeiter mit unterschiedlichen Behinderungen, die einen entscheidenden Mehrwert in dieses Projekt einbringen, insbesondere in Bezug auf ihre Expertise bei der Bewertung der architektonischen und digitalen Barrierefreiheit.<br\/>Durch die geplanten Projektaktivit\u00e4ten werden wir diese Kompetenzen im Rahmen unserer grenz\u00fcberschreitenden Zusammenarbeit auch in die anderen teilnehmenden Pilotstandorte einbringen, um die architektonische, digitale und kommunikative Barrierefreiheit bei allen Projektaktivit\u00e4ten zu unterst\u00fctzen. <\/p>\n<\/div>\n<\/div>\n\n<div class=\"wp-block-columns is-layout-flex wp-container-core-columns-is-layout-28f84493 wp-block-columns-is-layout-flex\">\n<div class=\"wp-block-column is-layout-flow wp-block-column-is-layout-flow\" style=\"flex-basis:33.33%\">\n<h2 class=\"wp-block-heading\">Partner PP2<\/h2>\n\n\n\n<div class=\"wp-block-uagb-image uagb-block-df390160 wp-block-uagb-image--layout-default wp-block-uagb-image--effect-static wp-block-uagb-image--align-none\"><figure class=\"wp-block-uagb-image__figure\"><img decoding=\"async\" srcset=\"https:\/\/places-interreg.eu\/wp-content\/uploads\/2025\/04\/tarvisio.png ,https:\/\/places-interreg.eu\/wp-content\/uploads\/2025\/04\/tarvisio.png 780w, https:\/\/places-interreg.eu\/wp-content\/uploads\/2025\/04\/tarvisio.png 360w\" sizes=\"auto, (max-width: 480px) 150px\" src=\"https:\/\/places-interreg.eu\/wp-content\/uploads\/2025\/04\/tarvisio.png\" alt=\"Tarvisianisches Logo\" class=\"uag-image-60\" width=\"497\" height=\"241\" title=\"logo-tarvisio\" loading=\"lazy\" role=\"img\"><\/figure><\/div>\n\n\n\n<p class=\"has-text-align-center\">Consorzio di Promozione Turistica<br\/>del Tarvisiano, di Sella Nevea e di<br\/>passo Pramollo<br\/>Via Roma 14<br\/>33018 Tarvisio (UD)<\/p>\n\n\n\n<p class=\"has-text-align-center\"><a href=\"http:\/\/www.tarvisiano.org\">www.tarvisiano.org<\/a><\/p>\n<\/div>\n\n\n\n<div class=\"wp-block-column is-layout-flow wp-block-column-is-layout-flow\" style=\"border-width:1px;padding-top:5px;padding-right:5px;padding-bottom:5px;padding-left:5px;flex-basis:66.66%\">\n<p>Das Consorzio verf\u00fcgt \u00fcber eine mehr als 30-j\u00e4hrige Erfahrung in der Durchf\u00fchrung von Tourismusmarketingprojekten, Werbe- und Kommunikationspl\u00e4nen, Werbekampagnen, der Vermarktung des touristischen Produkts und der Organisation von Veranstaltungen. Das Konsortium wurde 1989 gegr\u00fcndet und arbeitet seit 1990 mit dem Ziel, das Gebiet von Chiusaforte bis Tarvisio zu f\u00f6rdern. Heute kann es auf 2 Gemeindeverwaltungen, 49 private Akteure und 5 Verb\u00e4nde oder Einrichtungen des dritten Sektors z\u00e4hlen, die die soziale Basis der DMO bilden. Im Folgenden sind einige der Aktivit\u00e4ten aufgef\u00fchrt, die das Konsortium im Laufe der Jahre durchgef\u00fchrt hat: <\/p>\n\n\n\n<ul class=\"wp-block-list\">\n<li>1996-2021 wurde jedes Jahr ein Projekt f\u00fcr Marketing und Kommunikation, Soziales und Presse f\u00fcr das Gebiet von Tarvisio ausgearbeitet;<\/li>\n\n\n\n<li>2004-06 Erstellung von 3 j\u00e4hrlichen Marketingpl\u00e4nen und Verantwortung f\u00fcr die Konzeption und Positionierung des italienischen Produkts &#8220;Italy Golf&amp;More&#8221; mit Marketing- und Kommunikationspl\u00e4nen sowie Online- und Offline-Kampagnen;<\/li>\n\n\n\n<li>2012-22 Ausarbeitung der Marketing- und Kommunikationspl\u00e4ne f\u00fcr das internationale Produkt Alpe Adria Trail;<\/li>\n\n\n\n<li>2000-22 war er verantwortlich f\u00fcr die Konzeption und das Content Management, die Promotion, die Verbreitung und das Marketing der Holiday Card<\/li>\n\n\n\n<li>2002-14 k\u00fcmmerte er sich um die Marketing- und Kommunikationspl\u00e4ne des integrierten Tourismusprodukts Playing Together mit den Partnern Region K\u00e4rnten und Slowenien;<\/li>\n\n\n\n<li>2015 realisierte sie den Marketing- und Kommunikationsplan Open Leader f\u00fcr das Gebiet von Gemona und Tarvisio;<\/li>\n\n\n\n<li>2016 hat sie das Tourismusentwicklungs- und Marketingprojekt \u201eAntica Contea\u201c f\u00fcr die Gemeinden Gorizia, Cormons und Gradisca D&#8217;Isonzo realisiert; 2018-20 hat sie die Pr\u00e4sentation des Pisus-Projekts \u201eFamili\u00e4re st\u00e4dtische Einrichtungen\u201c Territoriales Marketing f\u00fcr die Gemeinde Tarvisio unterst\u00fctzt; 2021 hat sie sich bis heute mit dem territorialen Marketingplan f\u00fcr die Berggemeinde Gemona besch\u00e4ftigt;<\/li>\n\n\n\n<li>2020-21 hat sie 3 Marketingpl\u00e4ne mit Medienplanung f\u00fcr die Gemeinde Tarvisio realisiert.<\/li>\n<\/ul>\n\n\n\n<p>Was schlie\u00dflich die Veranstaltungen betrifft, so sind die organisierten nationalen und internationalen Events zu erw\u00e4hnen: das Veranstaltungsformat \u201eEin Prosit\u201c f\u00fcr Wein und Gastronomie, das Musikfestival \u201eNo Borders\u201c, die Organisation von Sportereignissen wie die 2 Snowboard-Weltcups, 1 italienische MTBMeisterschaft, 3 Gran Premi Giovanissimi sowie Dutzende von Veranstaltungen wie Rallyes, Kongresse und Konferenzen.<\/p>\n<\/div>\n<\/div>\n\n<div class=\"wp-block-columns is-layout-flex wp-container-core-columns-is-layout-28f84493 wp-block-columns-is-layout-flex\">\n<div class=\"wp-block-column is-layout-flow wp-block-column-is-layout-flow\" style=\"flex-basis:33.33%\">\n<h2 class=\"wp-block-heading\">Partner PP3<\/h2>\n\n\n\n<div class=\"wp-block-uagb-image uagb-block-04e81651 wp-block-uagb-image--layout-default wp-block-uagb-image--effect-static wp-block-uagb-image--align-none\"><figure class=\"wp-block-uagb-image__figure\"><img decoding=\"async\" srcset=\"https:\/\/places-interreg.eu\/wp-content\/uploads\/2025\/04\/vicenza.png ,https:\/\/places-interreg.eu\/wp-content\/uploads\/2025\/04\/vicenza.png 780w, https:\/\/places-interreg.eu\/wp-content\/uploads\/2025\/04\/vicenza.png 360w\" sizes=\"auto, (max-width: 480px) 150px\" src=\"https:\/\/places-interreg.eu\/wp-content\/uploads\/2025\/04\/vicenza.png\" alt=\"Logo der Gemeinde Vicenza\" class=\"uag-image-61\" width=\"434\" height=\"249\" title=\"logo-vicenza\" loading=\"lazy\" role=\"img\"><\/figure><\/div>\n\n\n\n<p class=\"has-text-align-center\">Gemeinde von Vicenza<br\/>Corso Palladio 98<br\/>36100 Vicenza (VI)<\/p>\n\n\n\n<p class=\"has-text-align-center\">www.comune.vicenza.it<\/p>\n<\/div>\n\n\n\n<div class=\"wp-block-column is-layout-flow wp-block-column-is-layout-flow\" style=\"border-width:1px;padding-top:5px;padding-right:5px;padding-bottom:5px;padding-left:5px;flex-basis:66.66%\">\n<p>Vicenza geh\u00f6rt seit 1994 zum UNESCO-Welterbe und ist seit 2011 Teil des Konvents der B\u00fcrgermeister und seit Oktober 2014 Teil des Mayors-Adapt-Netzwerks (SECAP-Annahme im Jahr 2021).<br\/>Das Museo Naturalistico e Archeologico di Vicenza ist Teil der Musei Civici di Vicenza, einem st\u00e4dtischen Netzwerk von 4 Museen und 3 Denkm\u00e4lern, die alle UNESCO-St\u00e4tten sind.<br\/>Das Naturwissenschaftliche und Arch\u00e4ologische Museum von Vicenza erforscht, bewahrt und f\u00f6rdert das naturwissenschaftliche und arch\u00e4ologische Erbe, insbesondere das der Region. Die naturwissenschaftliche Abteilung veranschaulicht die Umwelt der Berici-H\u00fcgel, des H\u00fcgellandes s\u00fcdlich von Vicenza (SCIGebiet &#8211; Gebiet von gemeinschaftlichem Interesse, Teil des Netzes Natura 2000), mit ihren Mineralien, Fossilien, Tieren und Pflanzen. Die arch\u00e4ologische Abteilung stellt Artefakte aus der Vorgeschichte bis zum fr\u00fchen Mittelalter aus, wie Steinwerkzeuge aus der Altsteinzeit, neolithische Keramik, Votivtafeln und Inschriften aus der Eisenzeit, r\u00f6mische Artefakte und reiche langobardische Artefakte.<br\/>In Zusammenarbeit mit Universit\u00e4ten, Verb\u00e4nden und Kultureinrichtungen f\u00fchrt es Forschungen zu den Sammlungen und dem Gebiet durch. Es \u00fcbt eine rege Publikationst\u00e4tigkeit aus und gibt regelm\u00e4\u00dfig das wissenschaftliche Bulletin Natura Vicentina heraus. Sie organisiert Bildungsaktivit\u00e4ten f\u00fcr Schulen und B\u00fcrger, wobei der Schwerpunkt auf Zug\u00e4nglichkeit und Integration liegt.    <\/p>\n<\/div>\n<\/div>\n\n<div class=\"wp-block-columns is-layout-flex wp-container-core-columns-is-layout-28f84493 wp-block-columns-is-layout-flex\">\n<div class=\"wp-block-column is-layout-flow wp-block-column-is-layout-flow\" style=\"flex-basis:33.33%\">\n<h2 class=\"wp-block-heading\">Partner PP4<\/h2>\n\n\n\n<div class=\"wp-block-uagb-image aligncenter uagb-block-8a062ab8 wp-block-uagb-image--layout-default wp-block-uagb-image--effect-static wp-block-uagb-image--align-center\"><figure class=\"wp-block-uagb-image__figure\"><img decoding=\"async\" srcset=\"https:\/\/places-interreg.eu\/wp-content\/uploads\/2025\/04\/karnten.png ,https:\/\/places-interreg.eu\/wp-content\/uploads\/2025\/04\/karnten.png 780w, https:\/\/places-interreg.eu\/wp-content\/uploads\/2025\/04\/karnten.png 360w\" sizes=\"auto, (max-width: 480px) 150px\" src=\"https:\/\/places-interreg.eu\/wp-content\/uploads\/2025\/04\/karnten.png\" alt=\"Karnten Museum Logo\" class=\"uag-image-58\" width=\"179\" height=\"245\" title=\"logo-karnten\" loading=\"lazy\" role=\"img\"><\/figure><\/div>\n\n\n\n<p class=\"has-text-align-center\">Landesmuseum f\u00fcr K\u00e4rnten<br\/>Liberogasse 6<br\/>9020 Klagenfurt am W\u00f6rthersee<br\/>Austria<\/p>\n\n\n\n<p class=\"has-text-align-center\"><a href=\"https:\/\/landesmuseum.ktn.gv.at\">landesmuseum.ktn.gv.at<\/a><\/p>\n<\/div>\n\n\n\n<div class=\"wp-block-column is-layout-flow wp-block-column-is-layout-flow\" style=\"border-width:1px;padding-top:5px;padding-right:5px;padding-bottom:5px;padding-left:5px;flex-basis:66.66%\">\n<p>Bei der Neugestaltung des k\u00e4rnten.museums wurde auf die Beseitigung von strukturellen, wirtschaftlichen, sozialen, kulturellen, sprachlichen und inhaltlichen Barrieren geachtet. F\u00fcr das k\u00e4rnten.museum ist ein uneingeschr\u00e4nkter Museumsbesuch f\u00fcr jeden Gast unerl\u00e4sslich. <br\/>Um das k\u00e4rnten.museum Schritt f\u00fcr Schritt in Richtung eines inklusiven Museums zu entwickeln, wurden mit Hilfe von VertreterInnen von Selbsthilfeorganisationen, durch Sensibilisierungsschulungen und einschl\u00e4gige Fortbildungen (KulturvermittlerInnen f\u00fcr Menschen mit Demenz, einfache versus leichte Sprache, Grundlagen der digitalen Zug\u00e4nglichkeit, Museum und Inklusion: strukturelle Barrieren, etc.)<br\/>Dar\u00fcber hinaus engagieren sich MitarbeiterInnen des K\u00e4rntner Landesmuseums bei der Veranstaltung INCLUSIA, die Menschen mit Behinderungen und Klagenfurter Sch\u00fclerInnen zusammenbringen soll, um Freundschaften zu schlie\u00dfen.<br\/>Das k\u00e4rnten.museum stellt einen Mehrwert f\u00fcr das Projekt und die beteiligten Partner dar, da es bereits \u00fcber Erfahrungen im Bereich der strukturellen und inhaltlichen Barrierefreiheit verf\u00fcgt und als Ansprechpartner in der Planungsphase, bei der Durchf\u00fchrung von Workshops oder in der allt\u00e4glichen Museumsp\u00e4dagogik f\u00fcr Menschen mit Behinderungen zur Verf\u00fcgung stehen kann.<br\/>Bisher wurden vom k\u00e4rnten.museum bzw. der \u00fcbergeordneten Rechtsform des Landesmuseums f\u00fcr K\u00e4rnten keine vergleichbaren Projekte durchgef\u00fchrt.<\/p>\n<\/div>\n<\/div>\n\n<div class=\"wp-block-columns is-layout-flex wp-container-core-columns-is-layout-28f84493 wp-block-columns-is-layout-flex\">\n<div class=\"wp-block-column is-layout-flow wp-block-column-is-layout-flow\" style=\"flex-basis:33.33%\">\n<h2 class=\"wp-block-heading\">Partner PP5<\/h2>\n\n\n\n<div class=\"wp-block-uagb-image uagb-block-da0361fa wp-block-uagb-image--layout-default wp-block-uagb-image--effect-static wp-block-uagb-image--align-none\"><figure class=\"wp-block-uagb-image__figure\"><img decoding=\"async\" srcset=\"https:\/\/places-interreg.eu\/wp-content\/uploads\/2025\/04\/DT_ItsMyLife_CMYK.png ,https:\/\/places-interreg.eu\/wp-content\/uploads\/2025\/04\/DT_ItsMyLife_CMYK.png 780w, https:\/\/places-interreg.eu\/wp-content\/uploads\/2025\/04\/DT_ItsMyLife_CMYK.png 360w\" sizes=\"auto, (max-width: 480px) 150px\" src=\"https:\/\/places-interreg.eu\/wp-content\/uploads\/2025\/04\/DT_ItsMyLife_CMYK.png\" alt=\"Logo di Karnten\" class=\"uag-image-89\" width=\"514\" height=\"373\" title=\"DT_ItsMyLife_CMYK\" loading=\"lazy\" role=\"img\"><\/figure><\/div>\n\n\n\n<p class=\"has-text-align-center\">K\u00e4rnten Werbung<br\/>V\u00f6lkermarkterring 21-23<br\/>9020 Klagenfurt<br\/>Austria<\/p>\n\n\n\n<p class=\"has-text-align-center\"><a href=\"http:\/\/www.kaernten.at\">www.kaernten.at<\/a><\/p>\n<\/div>\n\n\n\n<div class=\"wp-block-column is-layout-flow wp-block-column-is-layout-flow\" style=\"border-width:1px;padding-top:5px;padding-right:5px;padding-bottom:5px;padding-left:5px;flex-basis:66.66%\">\n<p>Als Teil der ARGE Naturerlebnis K\u00e4rnten, einem einzigartigen Zusammenschluss von Schutzgebieten, Tourismusregionen und der K\u00e4rnten Werbung als Landestourismusorganisation, ist die K\u00e4rnten Werbung bereits seit mehr als 10 Jahren im Bereich des nachhaltigen Tourismus t\u00e4tig. Seit 2019 liegt ein besonderer Fokus auf barrierefreien Tourismusangeboten, au\u00dferdem werden an diesen Orten Erlebnisprogramme angeboten, die Menschen mit und ohne Behinderung an besondere Orte in K\u00e4rntens Natur f\u00fchren.<br\/>Die Projektverantwortliche der K\u00e4rnten Werbung, Elke Maidic, leitet dieses Projekt seit 2020 und hat \u00fcber die Jahre Expertise in der Vermarktung von barrierefreien Angeboten und der Digitalisierung dieser Angebote aufgebaut.<br\/>Die bei der K\u00e4rnten Werbung f\u00fcr dieses Projekt verantwortliche Sachbearbeiterin, Elke Maidic, ist seit 2020 damit betraut und hat sich in diesen Jahren eine Expertise im Bereich des Marketings f\u00fcr barrierefreie Angebote und auch die Digitalisierung dieses Angebotes vorantreibt. <\/p>\n<\/div>\n<\/div>\n\n<p><\/p>\n","protected":false},"excerpt":{"rendered":"<p>Projekt-Koordinator LP LA PICCIONAIA S.C.S.Piazza Insurrezione 28 Aprile 194535139 Padova (PD) www.piccionaia.it La Piccionaia engagiert sich im Rahmen seiner territorialen [&hellip;]<\/p>\n","protected":false},"author":1,"featured_media":0,"parent":0,"menu_order":0,"comment_status":"closed","ping_status":"closed","template":"","meta":{"_uag_custom_page_level_css":"","site-sidebar-layout":"default","site-content-layout":"","ast-site-content-layout":"default","site-content-style":"default","site-sidebar-style":"default","ast-global-header-display":"","ast-banner-title-visibility":"","ast-main-header-display":"","ast-hfb-above-header-display":"","ast-hfb-below-header-display":"","ast-hfb-mobile-header-display":"","site-post-title":"","ast-breadcrumbs-content":"","ast-featured-img":"","footer-sml-layout":"","theme-transparent-header-meta":"","adv-header-id-meta":"","stick-header-meta":"","header-above-stick-meta":"","header-main-stick-meta":"","header-below-stick-meta":"","astra-migrate-meta-layouts":"default","ast-page-background-enabled":"default","ast-page-background-meta":{"desktop":{"background-color":"var(--ast-global-color-5)","background-image":"","background-repeat":"repeat","background-position":"center center","background-size":"auto","background-attachment":"scroll","background-type":"","background-media":"","overlay-type":"","overlay-color":"","overlay-opacity":"","overlay-gradient":""},"tablet":{"background-color":"","background-image":"","background-repeat":"repeat","background-position":"center center","background-size":"auto","background-attachment":"scroll","background-type":"","background-media":"","overlay-type":"","overlay-color":"","overlay-opacity":"","overlay-gradient":""},"mobile":{"background-color":"","background-image":"","background-repeat":"repeat","background-position":"center center","background-size":"auto","background-attachment":"scroll","background-type":"","background-media":"","overlay-type":"","overlay-color":"","overlay-opacity":"","overlay-gradient":""}},"ast-content-background-meta":{"desktop":{"background-color":"var(--ast-global-color-4)","background-image":"","background-repeat":"repeat","background-position":"center center","background-size":"auto","background-attachment":"scroll","background-type":"","background-media":"","overlay-type":"","overlay-color":"","overlay-opacity":"","overlay-gradient":""},"tablet":{"background-color":"var(--ast-global-color-4)","background-image":"","background-repeat":"repeat","background-position":"center center","background-size":"auto","background-attachment":"scroll","background-type":"","background-media":"","overlay-type":"","overlay-color":"","overlay-opacity":"","overlay-gradient":""},"mobile":{"background-color":"var(--ast-global-color-4)","background-image":"","background-repeat":"repeat","background-position":"center center","background-size":"auto","background-attachment":"scroll","background-type":"","background-media":"","overlay-type":"","overlay-color":"","overlay-opacity":"","overlay-gradient":""}},"footnotes":""},"class_list":["post-112","page","type-page","status-publish","hentry"],"uagb_featured_image_src":{"full":false,"thumbnail":false,"medium":false,"medium_large":false,"large":false,"1536x1536":false,"2048x2048":false},"uagb_author_info":{"display_name":"admin","author_link":false},"uagb_comment_info":0,"uagb_excerpt":"Projekt-Koordinator LP LA PICCIONAIA S.C.S.Piazza Insurrezione 28 Aprile 194535139 Padova (PD) www.piccionaia.it La Piccionaia engagiert sich im Rahmen seiner territorialen [&hellip;]","_links":{"self":[{"href":"https:\/\/places-interreg.eu\/index.php?rest_route=\/wp\/v2\/pages\/112","targetHints":{"allow":["GET"]}}],"collection":[{"href":"https:\/\/places-interreg.eu\/index.php?rest_route=\/wp\/v2\/pages"}],"about":[{"href":"https:\/\/places-interreg.eu\/index.php?rest_route=\/wp\/v2\/types\/page"}],"author":[{"embeddable":true,"href":"https:\/\/places-interreg.eu\/index.php?rest_route=\/wp\/v2\/users\/1"}],"replies":[{"embeddable":true,"href":"https:\/\/places-interreg.eu\/index.php?rest_route=%2Fwp%2Fv2%2Fcomments&post=112"}],"version-history":[{"count":2,"href":"https:\/\/places-interreg.eu\/index.php?rest_route=\/wp\/v2\/pages\/112\/revisions"}],"predecessor-version":[{"id":184,"href":"https:\/\/places-interreg.eu\/index.php?rest_route=\/wp\/v2\/pages\/112\/revisions\/184"}],"wp:attachment":[{"href":"https:\/\/places-interreg.eu\/index.php?rest_route=%2Fwp%2Fv2%2Fmedia&parent=112"}],"curies":[{"name":"wp","href":"https:\/\/api.w.org\/{rel}","templated":true}]}}