{"id":102,"date":"2025-04-02T09:44:40","date_gmt":"2025-04-02T07:44:40","guid":{"rendered":"https:\/\/places-interreg.eu\/?page_id=102"},"modified":"2025-06-19T16:19:37","modified_gmt":"2025-06-19T14:19:37","slug":"homepage","status":"publish","type":"page","link":"https:\/\/places-interreg.eu\/?page_id=102&lang=de","title":{"rendered":"Homepage"},"content":{"rendered":"\n<div class=\"wp-block-columns alignfull is-layout-flex wp-container-core-columns-is-layout-28f84493 wp-block-columns-is-layout-flex\">\n<div class=\"wp-block-column is-layout-flow wp-block-column-is-layout-flow\">\n<\/div>\n<\/div>\n\n\n\n<h1 class=\"wp-block-heading alignwide\">PLACES &#8211; F\u00f6rderung von Landschaft, Zug\u00e4nglichkeit und Kultur f\u00fcr erlebnisorientierten und nachhaltigen Tourismus | ITAT-46-019 | KP Interreg Italien-\u00d6sterreich 2021-2027<\/h1>\n\n\n\n<div class=\"wp-block-columns is-layout-flex wp-container-core-columns-is-layout-28f84493 wp-block-columns-is-layout-flex\">\n<div class=\"wp-block-column is-layout-flow wp-block-column-is-layout-flow\" style=\"flex-basis:33.33%\">\n<div class=\"wp-block-uagb-image uagb-block-f372ed16 wp-block-uagb-image--layout-default wp-block-uagb-image--effect-zoomin wp-block-uagb-image--align-none\"><figure class=\"wp-block-uagb-image__figure\"><a class=\"\" href=\"https:\/\/www.independent.it\/it\/PLACES\" target=\"\" rel=\"noopener\"><img decoding=\"async\" srcset=\"https:\/\/places-interreg.eu\/wp-content\/uploads\/2025\/04\/places-manifesto-724x1024.jpg ,https:\/\/places-interreg.eu\/wp-content\/uploads\/2025\/04\/places-manifesto.jpg 780w, https:\/\/places-interreg.eu\/wp-content\/uploads\/2025\/04\/places-manifesto.jpg 360w\" sizes=\"auto, (max-width: 480px) 150px\" src=\"https:\/\/places-interreg.eu\/wp-content\/uploads\/2025\/04\/places-manifesto-724x1024.jpg\" alt=\"Manifesto progetto\" class=\"uag-image-38\" width=\"724\" height=\"1024\" title=\"places-manifesto\" loading=\"lazy\" role=\"img\"\/><\/a><\/figure><\/div>\n<\/div>\n\n\n\n<div class=\"wp-block-column is-layout-flow wp-block-column-is-layout-flow\" style=\"flex-basis:66.66%\">\n<h2 class=\"wp-block-heading\">Projektbeschreibung<\/h2>\n\n\n\n<p>Das Projekt f\u00f6rdert eine Kultur der Zug\u00e4nglichkeit unter den Tourismusakteuren sowie die Zug\u00e4nglichkeit, die Inklusion, die Digitalisierung und den Erlebnischarakter des touristischen Angebots, um dessen Nutzbarkeit und Genuss f\u00fcr alle zu erh\u00f6hen.<\/p>\n\n\n\n<p>Die Pilotma\u00dfnahmen von PLACES werden an den 4 Pilotstandorten Vicenza, Klagenfurt, Franzensfeste (BZ) und Tarvisio (UD) durchgef\u00fchrt, die sich durch das Vorhandensein von Museen und bedeutenden landschaftlichen und kulturellen Aspekten auszeichnen. Hier werden neue Inhalte und Dienstleistungen geschaffen (multimediale, digitale und interaktive; thematische Museums- und Gebietsrundg\u00e4nge, L\u00f6sungen f\u00fcr den barrierefreien Besuch von Menschen mit Behinderungen; virtuelle Rundg\u00e4nge mit einer Karte der zug\u00e4nglichen POI; integrative Kommunikationsmittel) durch den Einsatz neuer Technologien und Kunst sowie unter Einbeziehung der lokalen Gemeinschaften zur authentischen Darstellung der Orte und Aufwertung des kulturellen und nat\u00fcrlichen Erbes als Gemeingut. <\/p>\n\n\n\n<p>Schlie\u00dflich werden die teilnehmenden Pilotstandorte in den Museumskreis von PLACES eingebunden (der nach Abschluss des Projekts auf andere Strukturen ausgeweitet werden kann), der Besuche aus der Ferne und den Zugang zu Inhalten erm\u00f6glicht, um einen nachhaltigen und zug\u00e4nglichen Tourismus grenz\u00fcberschreitend zu f\u00f6rdern.<\/p>\n<\/div>\n<\/div>\n\n\n\n<div class=\"wp-block-columns is-layout-flex wp-container-core-columns-is-layout-ec2e7a44 wp-block-columns-is-layout-flex\" style=\"padding-top:0;padding-bottom:0\">\n<div class=\"wp-block-column is-layout-flow wp-block-column-is-layout-flow\">\n<h2 class=\"wp-block-heading\">Allgemeines Ziel<\/h2>\n\n\n\n<p>PLACES zielt darauf ab, zur St\u00e4rkung der grenz\u00fcberschreitenden Zusammenarbeit zwischen den beteiligten Regionen durch die Aufwertung und F\u00f6rderung ihres kulturellen und nat\u00fcrlichen Erbes beizutragen. Das Projekt st\u00fctzt sich auf 4 S\u00e4ulen: technologische Innovation, Barrierefreiheit (architektonisch, kognitiv, sensorisch, digital), Inklusion und Kultur in einer partizipativen Perspektive. <\/p>\n\n\n\n<p>PLACES f\u00f6rdert die Landschaft, die Kultur, die lokalen Gemeinschaften und die Werte der Zug\u00e4nglichkeit und Inklusion zur Entwicklung eines nachhaltigen und erlebnisorientierten Tourismus.<\/p>\n\n\n\n<p>Mit Hilfe von Co-Design-, Entwicklungs- und Innovationsmethoden zielt PLACES darauf ab, das touristische Angebot der beteiligten Gebiete mit innovativen, erlebnisorientierten und inklusiven Ma\u00dfnahmen zu verbessern, die unter aktiver Beteiligung der lokalen Gemeinschaften entwickelt werden, um eine authentische Darstellung der Orte und ihrer Geschichte unter Ber\u00fccksichtigung der Umwelt und der Menschen zu erm\u00f6glichen. Die Interventionsma\u00dfnahmen werden nach dem Prinzip des Design for all durchgef\u00fchrt, um touristische Produkte und Dienstleistungen zu entwickeln, die f\u00fcr alle zug\u00e4nglich sind, einschlie\u00dflich f\u00fcr Besucher*innen mit besonderen Bed\u00fcrfnissen. <\/p>\n\n\n\n<p>PLACES beabsichtigt, die grenz\u00fcberschreitende Zusammenarbeit durch die koordinierte gemeinsame Entwicklung eines Modells f\u00fcr kulturellen und nachhaltigen Tourismus zu konsolidieren und dadurch einen nachhaltigen Beitrag zur Entsaisonalisierung des touristischen Angebots in den teilnehmenden Gebieten zu leisten. Dar\u00fcber hinaus werden vor Ort weniger bekannte St\u00e4tten aufgewertet und die Steigerung der Besucher- und Touristenzahlen gef\u00f6rdert.<\/p>\n\n\n\n<p>PLACES wird in 4 Regionen die folgenden 4 Pilotstandorte entwickeln:<\/p>\n\n\n\n<ul class=\"wp-block-list\">\n<li>Naturwissenschaftliches und Arch\u00e4ologisches Museum in Vicenza (Venetien);<\/li>\n\n\n\n<li>Festung Franzensfeste (S\u00fcdtirol);<\/li>\n\n\n\n<li>Cave del Predil in Tarvis (Friaul-Julisch Venetien);<\/li>\n\n\n\n<li>k\u00e4rnten.museum in Klagenfurt (K\u00e4rnten).<\/li>\n<\/ul>\n\n\n\n<p>Neben Verbesserungen im Bereich Barrierefreiheit wird das museale und territoriale Angebot durch interaktive und erlebnisorientierte Elemente bereichert. Kulturelle Inhalte werden durch den Einsatz inklusiver Technologien digitalisiert und das touristische Angebot der teilnehmenden Regionen grenz\u00fcberschreitend pr\u00e4sentiert.<\/p>\n\n\n\n<h2 class=\"wp-block-heading\">Erwartete Ergebnisse<\/h2>\n\n\n\n<p><strong>RCO84 &#8211; Gemeinsam entwickelte und in Projekten umgesetzte Pilotma\u00dfnahmen<br><\/strong>Das Konsortium entwickelt, implementiert und vollendet im Rahmen des Projekts 2 Pilotaktionen, an deren Umsetzung mindestens zwei Teilnehmerl\u00e4nder beteiligt sind. Insbesondere: <\/p>\n\n\n\n<ol class=\"wp-block-list\">\n<li>Pilotaktion am Pilotstandort Klagenfurt (Museum f\u00fcr K\u00e4rnten und sein Territorium) unter Mitwirkung insbesondere der italienischen Partner La Piccionaia und independent L. mit den \u00f6sterreichischen Partnern Landesmuseum f\u00fcr K\u00e4rnten und K\u00e4rnten Werbung f\u00fcr digitale Zug\u00e4nglichkeit (WP3), die Einbindung der lokalen Gemeinschaft in partizipative Wege zur authentischen Erz\u00e4hlung der Orte (WP3), die Erstellung neuer digitaler Inhalte (z.B. VR-Touren, WP3) und erlebnisorientierte Produkte f\u00fcr die Nutzung des Museums und des Territoriums (z.B. neue erlebnisorientierte Routen im Museum und im Territorium, WP2), die Mitgestaltung der Er\u00f6ffnungsveranstaltung des Pilotstandorts in K\u00e4rnten (WP4);<\/li>\n\n\n\n<li>Schaffung des Museumskreises PLACES (Online-Plattform f\u00fcr die Pr\u00e4sentation von Museen), der die Zusammenarbeit aller Partner und insbesondere von independent L., Consorzio Turistico del Tarvisiano, Sella Nevea und Passo Pramollo, Landesmuseum f\u00fcr K\u00e4rnten und K\u00e4rnten Werbung vorsieht (WP4).<\/li>\n<\/ol>\n\n\n\n<p><strong>RCO87 &#8211; Grenz\u00fcbergreifend kooperierende Organisationen<br><\/strong>Im Rahmen des Projekts arbeiten 8 Organisationen in 4 Regionen zwischen Italien und \u00d6sterreich grenz\u00fcberschreitend zusammen.<\/p>\n\n\n\n<p><strong>Projektpartner:<\/strong><\/p>\n\n\n\n<ul class=\"wp-block-list\">\n<li>La Piccionaia S.C.S.<\/li>\n\n\n\n<li>Sozialgenossenschaft independent L. Onlus soc. coop.<\/li>\n\n\n\n<li>Consorzio di Promozione Turistica del Tarvisiano, di Sella Nevea e di passo Pramollo<\/li>\n\n\n\n<li>Comune di Vicenza<\/li>\n\n\n\n<li>Landesmuseum f\u00fcr K\u00e4rnten<\/li>\n\n\n\n<li>K\u00e4rnten Werbung<\/li>\n<\/ul>\n\n\n\n<p><strong>Assoziierte Projektpartner:<\/strong><\/p>\n\n\n\n<ul class=\"wp-block-list\">\n<li>Gleichstellungsr\u00e4tin der Autonomen Provinz Bozen \u2013 S\u00fcdtirol<\/li>\n\n\n\n<li>Comune di Tarvisio<\/li>\n<\/ul>\n\n\n\n<p><strong>Projektbeginn: 01.01.2025<br>Projektende: 01.01.2027<br>Gesamtkosten: 963.013,75 \u20ac<br>EU-Mittel (EFRE): 721.976,28 \u20ac<br>Nationale Kofinanzierung: 165.827,16 \u20ac<br>Eigenmittel 75.210,31 \u20ac<\/strong><\/p>\n\n\n\n<p><em><strong>Finanziert von der Europ\u00e4ischen Union<br><\/strong>ITAT-46-019 | PLACES ist finanziert durch den Europ\u00e4ischen Fonds f\u00fcr regionale Entwicklung und Interreg Italien-\u00d6sterreich VI-A 2021-2027 | Politisches Ziel 4 &#8211; Ein sozialeres und inklusiveres Europa durch die Umsetzung der europ\u00e4ischen S\u00e4ule sozialer Rechte | Priorit\u00e4t 3 &#8211; Nachhaltiger Tourismus und Kultur | Spezifisches Ziel RSO4.6 &#8211; St\u00e4rkung der Rolle, die Kultur und nachhaltiger Tourismus f\u00fcr die Wirtschaftsentwicklung, die soziale Inklusion und die soziale Innovation spielen | Art der Ma\u00dfnahme Nr. 3 &#8211; Entwicklung, \u00dcbernahme und Transfer von Technologien, Know-how und bew\u00e4hrten Verfahren | Priorit\u00e4rer Interventionsbereich 29 &#8211; Entwicklung nachhaltiger Tourismusprodukte\/-dienstleistungen, die \u00fcber Grenzen hinweg so zug\u00e4nglich wie m\u00f6glich sind. <\/em><\/p>\n<\/div>\n<\/div>\n\n\n\n<div class=\"wp-block-uagb-container uagb-block-34e4a188 alignfull uagb-is-root-container\"><div class=\"uagb-container-inner-blocks-wrap\">\n<div class=\"wp-block-uagb-container uagb-block-115c3ea1\">\n<div class=\"wp-block-uagb-image uagb-block-ca18c78e wp-block-uagb-image--layout-default wp-block-uagb-image--effect-static wp-block-uagb-image--align-none\"><figure class=\"wp-block-uagb-image__figure\"><a class=\"\" href=\"https:\/\/www.piccionaia.org\/\" target=\"\" rel=\"noopener\"><img decoding=\"async\" srcset=\"https:\/\/places-interreg.eu\/wp-content\/uploads\/2025\/04\/piccionaia.png ,https:\/\/places-interreg.eu\/wp-content\/uploads\/2025\/04\/piccionaia.png 780w, https:\/\/places-interreg.eu\/wp-content\/uploads\/2025\/04\/piccionaia.png 360w\" sizes=\"auto, (max-width: 480px) 150px\" src=\"https:\/\/places-interreg.eu\/wp-content\/uploads\/2025\/04\/piccionaia.png\" alt=\"Logo de La Piccionaia\" class=\"uag-image-59\" width=\"240\" height=\"70\" title=\"logo-piccionaia\" loading=\"lazy\" role=\"img\"\/><\/a><\/figure><\/div>\n<\/div>\n\n\n\n<div class=\"wp-block-uagb-container uagb-block-0c6dd777\">\n<div class=\"wp-block-uagb-image uagb-block-25c8f1a7 wp-block-uagb-image--layout-default wp-block-uagb-image--effect-static wp-block-uagb-image--align-none\"><figure class=\"wp-block-uagb-image__figure\"><a class=\"\" href=\"https:\/\/www.independent.it\" target=\"\" rel=\"noopener\"><img decoding=\"async\" srcset=\"https:\/\/places-interreg.eu\/wp-content\/uploads\/2025\/04\/indep.png ,https:\/\/places-interreg.eu\/wp-content\/uploads\/2025\/04\/indep.png 780w, https:\/\/places-interreg.eu\/wp-content\/uploads\/2025\/04\/indep.png 360w\" sizes=\"auto, (max-width: 480px) 150px\" src=\"https:\/\/places-interreg.eu\/wp-content\/uploads\/2025\/04\/indep.png\" alt=\"L\u00a7go della Cooperativa sociale independent L.\" class=\"uag-image-57\" width=\"195\" height=\"70\" title=\"logo-independent\" loading=\"lazy\" role=\"img\"\/><\/a><\/figure><\/div>\n<\/div>\n\n\n\n<div class=\"wp-block-uagb-container uagb-block-e7ce555d\">\n<div class=\"wp-block-uagb-image uagb-block-6eae6d22 wp-block-uagb-image--layout-default wp-block-uagb-image--effect-static wp-block-uagb-image--align-none\"><figure class=\"wp-block-uagb-image__figure\"><a class=\"\" href=\"https:\/\/www.tarvisiano.org\" target=\"\" rel=\"noopener\"><img decoding=\"async\" srcset=\"https:\/\/places-interreg.eu\/wp-content\/uploads\/2025\/04\/tarvisio.png ,https:\/\/places-interreg.eu\/wp-content\/uploads\/2025\/04\/tarvisio.png 780w, https:\/\/places-interreg.eu\/wp-content\/uploads\/2025\/04\/tarvisio.png 360w\" sizes=\"auto, (max-width: 480px) 150px\" src=\"https:\/\/places-interreg.eu\/wp-content\/uploads\/2025\/04\/tarvisio.png\" alt=\"Logo del Tarvisiano\" class=\"uag-image-60\" width=\"144\" height=\"70\" title=\"logo-tarvisio\" loading=\"lazy\" role=\"img\"\/><\/a><\/figure><\/div>\n<\/div>\n\n\n\n<div class=\"wp-block-uagb-container uagb-block-db0ae1d5\">\n<div class=\"wp-block-uagb-image uagb-block-e76b3acb wp-block-uagb-image--layout-default wp-block-uagb-image--effect-static wp-block-uagb-image--align-none\"><figure class=\"wp-block-uagb-image__figure\"><a class=\"\" href=\"https:\/\/www.comune.vicenza.it\" target=\"\" rel=\"noopener\"><img decoding=\"async\" srcset=\"https:\/\/places-interreg.eu\/wp-content\/uploads\/2025\/04\/vicenza.png ,https:\/\/places-interreg.eu\/wp-content\/uploads\/2025\/04\/vicenza.png 780w, https:\/\/places-interreg.eu\/wp-content\/uploads\/2025\/04\/vicenza.png 360w\" sizes=\"auto, (max-width: 480px) 150px\" src=\"https:\/\/places-interreg.eu\/wp-content\/uploads\/2025\/04\/vicenza.png\" alt=\"Logo del Comune di Vicenza\" class=\"uag-image-61\" width=\"122\" height=\"70\" title=\"logo-vicenza\" loading=\"lazy\" role=\"img\"\/><\/a><\/figure><\/div>\n<\/div>\n\n\n\n<div class=\"wp-block-uagb-container uagb-block-cfc9a893\">\n<div class=\"wp-block-uagb-image uagb-block-af27d07d wp-block-uagb-image--layout-default wp-block-uagb-image--effect-static wp-block-uagb-image--align-none\"><figure class=\"wp-block-uagb-image__figure\"><a class=\"\" href=\"https:\/\/landesmuseum.ktn.gv.at\" target=\"\" rel=\"noopener\"><img decoding=\"async\" srcset=\"https:\/\/places-interreg.eu\/wp-content\/uploads\/2025\/04\/karnten.png ,https:\/\/places-interreg.eu\/wp-content\/uploads\/2025\/04\/karnten.png 780w, https:\/\/places-interreg.eu\/wp-content\/uploads\/2025\/04\/karnten.png 360w\" sizes=\"auto, (max-width: 480px) 150px\" src=\"https:\/\/places-interreg.eu\/wp-content\/uploads\/2025\/04\/karnten.png\" alt=\"Logo Karnten Museum\" class=\"uag-image-58\" width=\"73\" height=\"100\" title=\"logo-karnten\" loading=\"lazy\" role=\"img\"\/><\/a><\/figure><\/div>\n<\/div>\n\n\n\n<div class=\"wp-block-uagb-container uagb-block-1da66a42\">\n<div class=\"wp-block-uagb-image uagb-block-aa084d8a wp-block-uagb-image--layout-default wp-block-uagb-image--effect-static wp-block-uagb-image--align-none\"><figure class=\"wp-block-uagb-image__figure\"><a class=\"\" href=\"https:\/\/www.kaernten.at\" target=\"\" rel=\"noopener\"><img decoding=\"async\" srcset=\"https:\/\/places-interreg.eu\/wp-content\/uploads\/2025\/04\/DT_ItsMyLife_CMYK.png ,https:\/\/places-interreg.eu\/wp-content\/uploads\/2025\/04\/DT_ItsMyLife_CMYK.png 780w, https:\/\/places-interreg.eu\/wp-content\/uploads\/2025\/04\/DT_ItsMyLife_CMYK.png 360w\" sizes=\"auto, (max-width: 480px) 150px\" src=\"https:\/\/places-interreg.eu\/wp-content\/uploads\/2025\/04\/DT_ItsMyLife_CMYK.png\" alt=\"\" class=\"uag-image-89\" width=\"96\" height=\"70\" title=\"DT_ItsMyLife_CMYK\" loading=\"lazy\" role=\"img\"\/><\/a><\/figure><\/div>\n<\/div>\n<\/div><\/div>\n\n\n\n<div class=\"wp-block-columns is-layout-flex wp-container-core-columns-is-layout-28f84493 wp-block-columns-is-layout-flex\">\n<div class=\"wp-block-column is-layout-flow wp-block-column-is-layout-flow\">\n<div class=\"wp-block-uagb-image aligncenter uagb-block-6fc7fd3e wp-block-uagb-image--layout-default wp-block-uagb-image--effect-static wp-block-uagb-image--align-center\"><figure class=\"wp-block-uagb-image__figure\"><img decoding=\"async\" srcset=\"https:\/\/places-interreg.eu\/wp-content\/uploads\/2025\/04\/logo-interreg-places-1024x116.png ,https:\/\/places-interreg.eu\/wp-content\/uploads\/2025\/04\/logo-interreg-places.png 780w, https:\/\/places-interreg.eu\/wp-content\/uploads\/2025\/04\/logo-interreg-places.png 360w\" sizes=\"auto, (max-width: 480px) 150px\" src=\"https:\/\/places-interreg.eu\/wp-content\/uploads\/2025\/04\/logo-interreg-places-1024x116.png\" alt=\"Logo interreg - PLACES\" class=\"uag-image-51\" width=\"1741\" height=\"198\" title=\"logo-interreg-places\" loading=\"lazy\" role=\"img\"\/><\/figure><\/div>\n<\/div>\n<\/div>\n\n\n\n<p><\/p>\n","protected":false},"excerpt":{"rendered":"<p>PLACES &#8211; F\u00f6rderung von Landschaft, Zug\u00e4nglichkeit und Kultur f\u00fcr erlebnisorientierten und nachhaltigen Tourismus | ITAT-46-019 | KP Interreg Italien-\u00d6sterreich 2021-2027 [&hellip;]<\/p>\n","protected":false},"author":1,"featured_media":0,"parent":0,"menu_order":0,"comment_status":"closed","ping_status":"closed","template":"","meta":{"_uag_custom_page_level_css":"","site-sidebar-layout":"default","site-content-layout":"","ast-site-content-layout":"","site-content-style":"default","site-sidebar-style":"default","ast-global-header-display":"","ast-banner-title-visibility":"","ast-main-header-display":"","ast-hfb-above-header-display":"","ast-hfb-below-header-display":"","ast-hfb-mobile-header-display":"","site-post-title":"disabled","ast-breadcrumbs-content":"","ast-featured-img":"","footer-sml-layout":"","theme-transparent-header-meta":"","adv-header-id-meta":"","stick-header-meta":"","header-above-stick-meta":"","header-main-stick-meta":"","header-below-stick-meta":"","astra-migrate-meta-layouts":"default","ast-page-background-enabled":"default","ast-page-background-meta":{"desktop":{"background-color":"var(--ast-global-color-5)","background-image":"","background-repeat":"repeat","background-position":"center center","background-size":"auto","background-attachment":"scroll","background-type":"","background-media":"","overlay-type":"","overlay-color":"","overlay-opacity":"","overlay-gradient":""},"tablet":{"background-color":"","background-image":"","background-repeat":"repeat","background-position":"center center","background-size":"auto","background-attachment":"scroll","background-type":"","background-media":"","overlay-type":"","overlay-color":"","overlay-opacity":"","overlay-gradient":""},"mobile":{"background-color":"","background-image":"","background-repeat":"repeat","background-position":"center center","background-size":"auto","background-attachment":"scroll","background-type":"","background-media":"","overlay-type":"","overlay-color":"","overlay-opacity":"","overlay-gradient":""}},"ast-content-background-meta":{"desktop":{"background-color":"var(--ast-global-color-4)","background-image":"","background-repeat":"repeat","background-position":"center center","background-size":"auto","background-attachment":"scroll","background-type":"","background-media":"","overlay-type":"","overlay-color":"","overlay-opacity":"","overlay-gradient":""},"tablet":{"background-color":"var(--ast-global-color-4)","background-image":"","background-repeat":"repeat","background-position":"center center","background-size":"auto","background-attachment":"scroll","background-type":"","background-media":"","overlay-type":"","overlay-color":"","overlay-opacity":"","overlay-gradient":""},"mobile":{"background-color":"var(--ast-global-color-4)","background-image":"","background-repeat":"repeat","background-position":"center center","background-size":"auto","background-attachment":"scroll","background-type":"","background-media":"","overlay-type":"","overlay-color":"","overlay-opacity":"","overlay-gradient":""}},"footnotes":""},"class_list":["post-102","page","type-page","status-publish","hentry"],"uagb_featured_image_src":{"full":false,"thumbnail":false,"medium":false,"medium_large":false,"large":false,"1536x1536":false,"2048x2048":false},"uagb_author_info":{"display_name":"admin","author_link":false},"uagb_comment_info":0,"uagb_excerpt":"PLACES &#8211; F\u00f6rderung von Landschaft, Zug\u00e4nglichkeit und Kultur f\u00fcr erlebnisorientierten und nachhaltigen Tourismus | ITAT-46-019 | KP Interreg Italien-\u00d6sterreich 2021-2027 [&hellip;]","_links":{"self":[{"href":"https:\/\/places-interreg.eu\/index.php?rest_route=\/wp\/v2\/pages\/102","targetHints":{"allow":["GET"]}}],"collection":[{"href":"https:\/\/places-interreg.eu\/index.php?rest_route=\/wp\/v2\/pages"}],"about":[{"href":"https:\/\/places-interreg.eu\/index.php?rest_route=\/wp\/v2\/types\/page"}],"author":[{"embeddable":true,"href":"https:\/\/places-interreg.eu\/index.php?rest_route=\/wp\/v2\/users\/1"}],"replies":[{"embeddable":true,"href":"https:\/\/places-interreg.eu\/index.php?rest_route=%2Fwp%2Fv2%2Fcomments&post=102"}],"version-history":[{"count":7,"href":"https:\/\/places-interreg.eu\/index.php?rest_route=\/wp\/v2\/pages\/102\/revisions"}],"predecessor-version":[{"id":378,"href":"https:\/\/places-interreg.eu\/index.php?rest_route=\/wp\/v2\/pages\/102\/revisions\/378"}],"wp:attachment":[{"href":"https:\/\/places-interreg.eu\/index.php?rest_route=%2Fwp%2Fv2%2Fmedia&parent=102"}],"curies":[{"name":"wp","href":"https:\/\/api.w.org\/{rel}","templated":true}]}}